{"id":9811,"date":"2020-03-11T11:03:55","date_gmt":"2020-03-11T08:03:55","guid":{"rendered":"https:\/\/the7.io\/elementor-minimal-creative-light\/?page_id=21"},"modified":"2024-05-21T13:34:53","modified_gmt":"2024-05-21T10:34:53","slug":"about","status":"publish","type":"page","link":"https:\/\/adhoc.com.tr\/index.php\/language\/tr\/about\/","title":{"rendered":"Ad_manifesto"},"content":{"rendered":"\t\t<div data-elementor-type=\"wp-page\" data-elementor-id=\"9811\" class=\"elementor elementor-9811\" data-elementor-post-type=\"page\">\n\t\t\t\t\t\t<section class=\"elementor-section elementor-top-section elementor-element elementor-element-2a5bd1e4 elementor-section-boxed elementor-section-height-default elementor-section-height-default\" data-id=\"2a5bd1e4\" data-element_type=\"section\">\n\t\t\t\t\t\t<div class=\"elementor-container elementor-column-gap-wider\">\n\t\t\t\t\t<div class=\"elementor-column elementor-col-100 elementor-top-column elementor-element elementor-element-3f45c113\" data-id=\"3f45c113\" data-element_type=\"column\">\n\t\t\t<div class=\"elementor-widget-wrap elementor-element-populated\">\n\t\t\t\t\t\t<div class=\"elementor-element elementor-element-637be8b elementor-widget elementor-widget-text-editor\" data-id=\"637be8b\" data-element_type=\"widget\" data-widget_type=\"text-editor.default\">\n\t\t\t\t<div class=\"elementor-widget-container\">\n\t\t\t\t\t\t\t\t\t<h4><em>&#8220;Rasyonel olan ger\u00e7ektir, ger\u00e7ek olan ili\u015fkisel.&#8221;<\/em><\/h4>\t\t\t\t\t\t\t\t<\/div>\n\t\t\t\t<\/div>\n\t\t\t\t\t<\/div>\n\t\t<\/div>\n\t\t\t\t\t<\/div>\n\t\t<\/section>\n\t\t\t\t<section class=\"elementor-section elementor-top-section elementor-element elementor-element-7990a56b elementor-section-boxed elementor-section-height-default elementor-section-height-default\" data-id=\"7990a56b\" data-element_type=\"section\">\n\t\t\t\t\t\t<div class=\"elementor-container elementor-column-gap-wider\">\n\t\t\t\t\t<div class=\"elementor-column elementor-col-100 elementor-top-column elementor-element elementor-element-278010c1\" data-id=\"278010c1\" data-element_type=\"column\">\n\t\t\t<div class=\"elementor-widget-wrap elementor-element-populated\">\n\t\t\t\t\t\t<div class=\"elementor-element elementor-element-acf61da elementor-widget elementor-widget-spacer\" data-id=\"acf61da\" data-element_type=\"widget\" data-widget_type=\"spacer.default\">\n\t\t\t\t<div class=\"elementor-widget-container\">\n\t\t\t\t\t\t\t<div class=\"elementor-spacer\">\n\t\t\t<div class=\"elementor-spacer-inner\"><\/div>\n\t\t<\/div>\n\t\t\t\t\t\t<\/div>\n\t\t\t\t<\/div>\n\t\t\t\t<div class=\"elementor-element elementor-element-7b3cfad2 elementor-widget elementor-widget-text-editor\" data-id=\"7b3cfad2\" data-element_type=\"widget\" data-widget_type=\"text-editor.default\">\n\t\t\t\t<div class=\"elementor-widget-container\">\n\t\t\t\t\t\t\t\t\t<p>Adhoc bir \u201c<em>ara\u015ft\u0131rma \u015firketi<\/em>\u201d olmaktan \u00f6te; ara\u015ft\u0131rmalardan beslenen \u2013\u00a0<em>daha kesin bir ifadeyle anlam d\u00fcnyalar\u0131n\u0131 bilimsel bilgiden kuran<\/em>\u00a0\u2013\u00a0<em>sosyal bilimcilerin<\/em>\u00a0olu\u015fturdu\u011fu bir ara\u015ft\u0131rma ekibidir.<\/p><p>\u00a0<\/p><p><strong><em>Ku\u015fkulu<\/em>\u00a0ve\u00a0<em>merakl\u0131d\u0131r<\/em>.<\/strong> Her t\u00fcrl\u00fc arg\u00fcman\u0131n temellerini, kesinliklerini ve etkilerini irdeler, irdeledik\u00e7e daha \u00e7ok ara\u015ft\u0131r\u0131r; meselelerin\u00a0<em>her k\u00f6\u015fesine bakar<\/em>\u00a0ve derinlemesine anlamaya \u00e7al\u0131\u015f\u0131r. Farkl\u0131 veri kaynaklar\u0131ndan toplad\u0131\u011f\u0131 verileri birlikte de\u011ferlendirir, resmin b\u00fct\u00fcn\u00fcn\u00fc g\u00f6rmeye odaklan\u0131r.<\/p><p>\u00a0<\/p><p><strong>S\u00fcreklili\u011fin pe\u015finden gider;<\/strong> kapasitesini geli\u015ftirmek i\u00e7in kendini s\u00fcrekli geli\u015ftirmesi, yeni y\u00f6ntem ve yakla\u015f\u0131mlar\u0131 hayata ge\u00e7irmesi gerekti\u011fine inan\u0131r. Bu ama\u00e7la yenilik\u00e7i ara\u015ft\u0131rma modellerine yat\u0131r\u0131m yapar, geli\u015ftirir ve ara\u015ft\u0131rmalar\u0131nda uygular.<\/p><p>\u00a0<\/p><p>\u00dcretti\u011fi bilgiyi anlatman\u0131n en iyi yolunu arar:<\/p><p><strong>Veriyi zenginle\u015ftirir, sadele\u015ftirir, k\u00fcmeler, indirger, soyutlar, modeller, saklar, g\u00f6rselle\u015ftirir, somutlar, s\u0131nar, kar\u015f\u0131la\u015ft\u0131r\u0131r, yayar, analiz eder, raporlar, kategorize eder, s\u0131n\u0131fland\u0131r\u0131r, sunar\u2026<\/strong><\/p><p>\u00a0<\/p><p><strong>Yaln\u0131zca anlamak i\u00e7in de\u011fil, de\u011fi\u015ftirmek ve de\u011fi\u015ftirirken \u201csosyal fayda\u201d yaratmak i\u00e7in ara\u015ft\u0131rma yapar.<\/strong> Bu nedenle ara\u015ft\u0131rmalar\u0131 yaln\u0131zca ke\u015ffetmez; de\u011fi\u015fim i\u00e7in veri temelli ve uygulanabilir strateji \u00fcretir.<\/p><p>\u00a0<\/p><p><strong>Ara\u015ft\u0131r\u0131rken sosyal bilimlerin eti\u011fini kabul eder ve kodlar\u0131n\u0131 uygular.\u00a0<\/strong>Adhoc kimlik, cinsiyet, ya\u015f, sosyo-ekonomi ve t\u00fcr ayr\u0131mc\u0131l\u0131klar\u0131n\u0131n her \u00e7e\u015fidine, t\u00fcm boyutlar\u0131 ile kar\u015f\u0131d\u0131r. Adhoc ekibi evrensel de\u011ferleri kabul eder; t\u00fcm uygulamalar\u0131nda tarihe, k\u00fclt\u00fcrlere, inan\u0131\u015flara ve do\u011faya zarar veren ya da zarar verme potansiyeli ta\u015f\u0131yan fikir ve yakla\u015f\u0131mlardan uzak durur.<\/p>\t\t\t\t\t\t\t\t<\/div>\n\t\t\t\t<\/div>\n\t\t\t\t\t<\/div>\n\t\t<\/div>\n\t\t\t\t\t<\/div>\n\t\t<\/section>\n\t\t\t\t<section class=\"elementor-section elementor-top-section elementor-element elementor-element-2d5ae991 elementor-section-content-middle elementor-section-boxed elementor-section-height-default elementor-section-height-default\" data-id=\"2d5ae991\" data-element_type=\"section\">\n\t\t\t\t\t\t<div class=\"elementor-container elementor-column-gap-wider\">\n\t\t\t\t\t<div class=\"elementor-column elementor-col-25 elementor-top-column elementor-element elementor-element-ba4daf6\" data-id=\"ba4daf6\" data-element_type=\"column\">\n\t\t\t<div class=\"elementor-widget-wrap elementor-element-populated\">\n\t\t\t\t\t\t<div class=\"elementor-element elementor-element-bab613b elementor-view-default elementor-widget elementor-widget-icon\" data-id=\"bab613b\" data-element_type=\"widget\" data-widget_type=\"icon.default\">\n\t\t\t\t<div class=\"elementor-widget-container\">\n\t\t\t\t\t\t\t<div class=\"elementor-icon-wrapper\">\n\t\t\t<div class=\"elementor-icon\">\n\t\t\t<i aria-hidden=\"true\" class=\"feather feather-calendar\"><\/i>\t\t\t<\/div>\n\t\t<\/div>\n\t\t\t\t\t\t<\/div>\n\t\t\t\t<\/div>\n\t\t\t\t<div class=\"elementor-element elementor-element-eb30d75 elementor-widget elementor-widget-counter\" data-id=\"eb30d75\" data-element_type=\"widget\" data-widget_type=\"counter.default\">\n\t\t\t\t<div class=\"elementor-widget-container\">\n\t\t\t\t\t\t\t<div class=\"elementor-counter\">\n\t\t\t<div class=\"elementor-counter-title\">Y\u0131l<\/div>\t\t\t<div class=\"elementor-counter-number-wrapper\">\n\t\t\t\t<span class=\"elementor-counter-number-prefix\"><\/span>\n\t\t\t\t<span class=\"elementor-counter-number\" data-duration=\"2000\" data-to-value=\"15\" data-from-value=\"0\" data-delimiter=\",\">0<\/span>\n\t\t\t\t<span class=\"elementor-counter-number-suffix\"><\/span>\n\t\t\t<\/div>\n\t\t<\/div>\n\t\t\t\t\t\t<\/div>\n\t\t\t\t<\/div>\n\t\t\t\t\t<\/div>\n\t\t<\/div>\n\t\t\t\t<div class=\"elementor-column elementor-col-25 elementor-top-column elementor-element elementor-element-9ed897b\" data-id=\"9ed897b\" data-element_type=\"column\">\n\t\t\t<div class=\"elementor-widget-wrap elementor-element-populated\">\n\t\t\t\t\t\t<div class=\"elementor-element elementor-element-e88964f elementor-view-default elementor-widget elementor-widget-icon\" data-id=\"e88964f\" data-element_type=\"widget\" data-widget_type=\"icon.default\">\n\t\t\t\t<div class=\"elementor-widget-container\">\n\t\t\t\t\t\t\t<div class=\"elementor-icon-wrapper\">\n\t\t\t<div class=\"elementor-icon\">\n\t\t\t<i aria-hidden=\"true\" class=\"feather feather-users\"><\/i>\t\t\t<\/div>\n\t\t<\/div>\n\t\t\t\t\t\t<\/div>\n\t\t\t\t<\/div>\n\t\t\t\t<div class=\"elementor-element elementor-element-fa778bd elementor-widget elementor-widget-counter\" data-id=\"fa778bd\" data-element_type=\"widget\" data-widget_type=\"counter.default\">\n\t\t\t\t<div class=\"elementor-widget-container\">\n\t\t\t\t\t\t\t<div class=\"elementor-counter\">\n\t\t\t<div class=\"elementor-counter-title\">\u0130l<\/div>\t\t\t<div class=\"elementor-counter-number-wrapper\">\n\t\t\t\t<span class=\"elementor-counter-number-prefix\"><\/span>\n\t\t\t\t<span class=\"elementor-counter-number\" data-duration=\"2000\" data-to-value=\"81\" data-from-value=\"0\" data-delimiter=\",\">0<\/span>\n\t\t\t\t<span class=\"elementor-counter-number-suffix\"><\/span>\n\t\t\t<\/div>\n\t\t<\/div>\n\t\t\t\t\t\t<\/div>\n\t\t\t\t<\/div>\n\t\t\t\t\t<\/div>\n\t\t<\/div>\n\t\t\t\t<div class=\"elementor-column elementor-col-25 elementor-top-column elementor-element elementor-element-280592f1\" data-id=\"280592f1\" data-element_type=\"column\">\n\t\t\t<div class=\"elementor-widget-wrap elementor-element-populated\">\n\t\t\t\t\t\t<div class=\"elementor-element elementor-element-d17225a elementor-view-default elementor-widget elementor-widget-icon\" data-id=\"d17225a\" data-element_type=\"widget\" data-widget_type=\"icon.default\">\n\t\t\t\t<div class=\"elementor-widget-container\">\n\t\t\t\t\t\t\t<div class=\"elementor-icon-wrapper\">\n\t\t\t<div class=\"elementor-icon\">\n\t\t\t<i aria-hidden=\"true\" class=\"feather feather-briefcase\"><\/i>\t\t\t<\/div>\n\t\t<\/div>\n\t\t\t\t\t\t<\/div>\n\t\t\t\t<\/div>\n\t\t\t\t<div class=\"elementor-element elementor-element-0c9af71 elementor-widget elementor-widget-counter\" data-id=\"0c9af71\" data-element_type=\"widget\" data-widget_type=\"counter.default\">\n\t\t\t\t<div class=\"elementor-widget-container\">\n\t\t\t\t\t\t\t<div class=\"elementor-counter\">\n\t\t\t<div class=\"elementor-counter-title\">Ara\u015ft\u0131rma<\/div>\t\t\t<div class=\"elementor-counter-number-wrapper\">\n\t\t\t\t<span class=\"elementor-counter-number-prefix\"><\/span>\n\t\t\t\t<span class=\"elementor-counter-number\" data-duration=\"2000\" data-to-value=\"100\" data-from-value=\"0\" data-delimiter=\",\">0<\/span>\n\t\t\t\t<span class=\"elementor-counter-number-suffix\">+<\/span>\n\t\t\t<\/div>\n\t\t<\/div>\n\t\t\t\t\t\t<\/div>\n\t\t\t\t<\/div>\n\t\t\t\t\t<\/div>\n\t\t<\/div>\n\t\t\t\t<div class=\"elementor-column elementor-col-25 elementor-top-column elementor-element elementor-element-25a8128f\" data-id=\"25a8128f\" data-element_type=\"column\">\n\t\t\t<div class=\"elementor-widget-wrap elementor-element-populated\">\n\t\t\t\t\t\t<div class=\"elementor-element elementor-element-c171b8b elementor-view-default elementor-widget elementor-widget-icon\" data-id=\"c171b8b\" data-element_type=\"widget\" data-widget_type=\"icon.default\">\n\t\t\t\t<div class=\"elementor-widget-container\">\n\t\t\t\t\t\t\t<div class=\"elementor-icon-wrapper\">\n\t\t\t<div class=\"elementor-icon\">\n\t\t\t<i aria-hidden=\"true\" class=\"feather feather-award\"><\/i>\t\t\t<\/div>\n\t\t<\/div>\n\t\t\t\t\t\t<\/div>\n\t\t\t\t<\/div>\n\t\t\t\t<div class=\"elementor-element elementor-element-61a6fa7 elementor-widget elementor-widget-counter\" data-id=\"61a6fa7\" data-element_type=\"widget\" data-widget_type=\"counter.default\">\n\t\t\t\t<div class=\"elementor-widget-container\">\n\t\t\t\t\t\t\t<div class=\"elementor-counter\">\n\t\t\t<div class=\"elementor-counter-title\">M\u00fc\u015fteri<\/div>\t\t\t<div class=\"elementor-counter-number-wrapper\">\n\t\t\t\t<span class=\"elementor-counter-number-prefix\"><\/span>\n\t\t\t\t<span class=\"elementor-counter-number\" data-duration=\"2000\" data-to-value=\"50\" data-from-value=\"0\" data-delimiter=\",\">0<\/span>\n\t\t\t\t<span class=\"elementor-counter-number-suffix\">+<\/span>\n\t\t\t<\/div>\n\t\t<\/div>\n\t\t\t\t\t\t<\/div>\n\t\t\t\t<\/div>\n\t\t\t\t\t<\/div>\n\t\t<\/div>\n\t\t\t\t\t<\/div>\n\t\t<\/section>\n\t\t\t\t<\/div>\n\t\t","protected":false},"excerpt":{"rendered":"<p>&#8220;Rasyonel olan ger\u00e7ektir, ger\u00e7ek olan ili\u015fkisel.&#8221; Adhoc bir \u201cara\u015ft\u0131rma \u015firketi\u201d olmaktan \u00f6te; ara\u015ft\u0131rmalardan beslenen \u2013\u00a0daha kesin bir ifadeyle anlam d\u00fcnyalar\u0131n\u0131 bilimsel bilgiden kuran\u00a0\u2013\u00a0sosyal bilimcilerin\u00a0olu\u015fturdu\u011fu bir ara\u015ft\u0131rma ekibidir. \u00a0 Ku\u015fkulu\u00a0ve\u00a0merakl\u0131d\u0131r. Her t\u00fcrl\u00fc arg\u00fcman\u0131n temellerini, kesinliklerini ve etkilerini irdeler, irdeledik\u00e7e daha \u00e7ok ara\u015ft\u0131r\u0131r; meselelerin\u00a0her k\u00f6\u015fesine bakar\u00a0ve derinlemesine anlamaya \u00e7al\u0131\u015f\u0131r. Farkl\u0131 veri kaynaklar\u0131ndan toplad\u0131\u011f\u0131 verileri birlikte de\u011ferlendirir, resmin&hellip;<\/p>\n","protected":false},"author":1,"featured_media":0,"parent":0,"menu_order":20,"comment_status":"closed","ping_status":"closed","template":"","meta":{"jetpack_post_was_ever_published":false,"footnotes":""},"class_list":["post-9811","page","type-page","status-publish","hentry"],"jetpack_sharing_enabled":true,"jetpack_shortlink":"https:\/\/wp.me\/P9Bq60-2yf","jetpack-related-posts":[{"id":1671,"url":"https:\/\/adhoc.com.tr\/index.php\/language\/tr\/anasayfa\/","url_meta":{"origin":9811,"position":0},"title":"Anasayfa","author":"admin","date":"10 Ocak 2023","format":false,"excerpt":"Adhoc Ara\u015ft\u0131rma Dan\u0131\u015fmanl\u0131k Analiz Strateji Olarak; \u00d6zel sekt\u00f6r, akademi, kamu ve sivil toplumun bilgi ihtiya\u00e7lar\u0131n\u0131 kar\u015f\u0131lamay\u0131 ve bu bilginin kurumlar\u0131n hedefleri do\u011frultusunda stratejiye d\u00f6n\u00fc\u015fmesine katk\u0131 sa\u011flamay\u0131 hedefleriz. Kurumlar\u0131n ve \u015firketlerin kavramsal, prosed\u00fcrle ve olgusal bilgilere dayanan strateji \u00e7al\u0131\u015fmalar\u0131na katk\u0131 sunuyoruz. 2009'dan beri Toplumsal alg\u0131lar \u00e7ok y\u00f6nl\u00fc ve komplekstir Hedeflenen konulara,\u2026","rel":"","context":"Benzer yaz\u0131","block_context":{"text":"Benzer yaz\u0131","link":""},"img":{"alt_text":"","src":"data:image\/svg+xml,%3Csvg%20xmlns%3D'http%3A%2F%2Fwww.w3.org%2F2000%2Fsvg'%20viewBox%3D'0%200%20900%20600'%2F%3E","width":350,"height":200,"srcset":"data:image\/svg+xml,%3Csvg%20xmlns%3D'http%3A%2F%2Fwww.w3.org%2F2000%2Fsvg'%20viewBox%3D'0%200%20900%20600'%2F%3E 1x, data:image\/svg+xml,%3Csvg%20xmlns%3D'http%3A%2F%2Fwww.w3.org%2F2000%2Fsvg'%20viewBox%3D'0%200%20900%20600'%2F%3E 1.5x, data:image\/svg+xml,%3Csvg%20xmlns%3D'http%3A%2F%2Fwww.w3.org%2F2000%2Fsvg'%20viewBox%3D'0%200%20900%20600'%2F%3E 2x"},"classes":[]},{"id":5475,"url":"https:\/\/adhoc.com.tr\/index.php\/language\/tr\/gizlilikpolitikasi\/","url_meta":{"origin":9811,"position":1},"title":"Gizlilik Politikam\u0131z","author":"admin","date":"1 Ekim 2021","format":false,"excerpt":"K\u0130\u015e\u0130SEL VER\u0130LER\u0130N KORUNMASI VE \u0130\u015eLENMES\u0130 HAKKINDA\u00a0 GENEL AYDINLATMA METN\u0130 ADHOC\u00a0Ara\u015ft\u0131rma Dan\u0131\u015fmanl\u0131k ve E\u011fitim Limited \u015eirketi\u00a0(\u201cADHOC\u201d\u00a0veya \u201c\u015firket\u201d)\u00a0olarak ki\u015fisel verilerinizin g\u00fcvenli\u011fi hususuna azami hassasiyet g\u00f6stermekteyiz. Bu do\u011frultuda, Vakf\u0131n etkile\u015fim i\u00e7erisine oldu\u011fu ger\u00e7ek ki\u015filere ait ki\u015fisel verilerin 6698 say\u0131l\u0131 Ki\u015fisel Verilerin Korunmas\u0131 Kanunu (\u201cKanun\u201d)\u2019na, Kanun\u2019a ba\u011fl\u0131 y\u00fcr\u00fcrl\u00fc\u011fe koyulan ve koyulacak ikincil d\u00fczenlemelere (y\u00f6netmelik,\u2026","rel":"","context":"Benzer yaz\u0131","block_context":{"text":"Benzer yaz\u0131","link":""},"img":{"alt_text":"","src":"","width":0,"height":0},"classes":[]},{"id":8787,"url":"https:\/\/adhoc.com.tr\/index.php\/language\/tr\/cerezpolitikasi\/","url_meta":{"origin":9811,"position":2},"title":"\u00c7erez Politikam\u0131z","author":"admin","date":"6 Eyl\u00fcl 2022","format":false,"excerpt":"\u0130NTERNET S\u0130TES\u0130 \u00c7EREZ KULLANIMI HAKKINDA B\u0130LG\u0130LEND\u0130RME METN\u0130ADHOC\u00a0Ara\u015ft\u0131rma Dan\u0131\u015fmanl\u0131k ve E\u011fitim Limited \u015eirketi\u00a0(\u201cADHOC\u201d)\u00a0olarak, siz www.adhoc.com.tr (\u201c\u0130nternet Sitesi\u201d)\u00a0ziyaret\u00e7ilerimize ait ki\u015fisel verilerin 6698 say\u0131l\u0131 Ki\u015fisel Verilerin Korunmas\u0131 Kanunu ve ikincil d\u00fczenlemelerine (\u201cKVK Mevzuat\u0131\u201d) uygun olarak i\u015flenmesi ve korunmas\u0131 i\u00e7in azami hassasiyeti g\u00f6stermekteyiz.ADHOC\u00a0olarak, Ki\u015fisel Verilerin Korunmas\u0131 mevzuat\u0131ndan do\u011fan ayd\u0131nlatma y\u00fck\u00fcml\u00fcl\u00fc\u011f\u00fc kapsam\u0131nda sizleri, i\u015fbu \u201c\u0130nternet\u2026","rel":"","context":"Benzer yaz\u0131","block_context":{"text":"Benzer yaz\u0131","link":""},"img":{"alt_text":"","src":"","width":0,"height":0},"classes":[]},{"id":789,"url":"https:\/\/adhoc.com.tr\/index.php\/language\/tr\/raporlar\/","url_meta":{"origin":9811,"position":3},"title":"Sendikal Raporlar","author":"admin","date":"18 Mart 2020","format":false,"excerpt":"STK\u2019lar\u0131n Ulusal Medyadaki Temsili Medya AnaliziAvrupa Birli\u011fi taraf\u0131ndan desteklenen \u201cSivil Diyalo\u011fun G\u00fc\u00e7lenmesi\u201d projesi kapsam\u0131nda yap\u0131lan \u201cSTK\u2019lar\u0131n Ulusal Medyadaki Temsili: Medya Analizi\u201d ara\u015ft\u0131rmas\u0131 ile, T\u00fcrkiye\u2019de faaliyet g\u00f6steren sivil toplum kurulu\u015flar\u0131n\u0131n ulusal medyadaki izd\u00fc\u015f\u00fcmleri analiz edildi.Yay\u0131n\u0131 indirinSivil Toplum Sekt\u00f6r\u00fcn\u00fcn Etkisi Ara\u015ft\u0131rmas\u0131: T\u00fcrkiye\u2019de AB Desteklerinin Sivil Toplum Sekt\u00f6r\u00fcn\u00fcn Etkisindeki Pay\u0131T\u00fcrkiye\u2019de Sivil Toplum Sekt\u00f6r\u00fcn\u00fcn\u2026","rel":"","context":"Benzer yaz\u0131","block_context":{"text":"Benzer yaz\u0131","link":""},"img":{"alt_text":"","src":"","width":0,"height":0},"classes":[]},{"id":9809,"url":"https:\/\/adhoc.com.tr\/index.php\/language\/tr\/contact\/","url_meta":{"origin":9811,"position":4},"title":"\u0130leti\u015fim","author":"admin","date":"11 Mart 2020","format":false,"excerpt":"Adhoc Ara\u015ft\u0131rma, Dan\u0131\u015fmanl\u0131k ve E\u011fitimLTD. \u015eT\u0130. Sabit Hat +902165451567 Pazartesi - Cuma 10:00 - 18:00 Adres Cafera\u011fa Mah. Moda Cad. No: 5 Kad\u0131k\u00f6y - \u0130stanbul E-Posta info@adhoc.com.tr Sosyal medya @adhocarastirma @adhocarastirma @adhocarastirma","rel":"","context":"Benzer yaz\u0131","block_context":{"text":"Benzer yaz\u0131","link":""},"img":{"alt_text":"","src":"","width":0,"height":0},"classes":[]}],"_links":{"self":[{"href":"https:\/\/adhoc.com.tr\/index.php\/wp-json\/wp\/v2\/pages\/9811","targetHints":{"allow":["GET"]}}],"collection":[{"href":"https:\/\/adhoc.com.tr\/index.php\/wp-json\/wp\/v2\/pages"}],"about":[{"href":"https:\/\/adhoc.com.tr\/index.php\/wp-json\/wp\/v2\/types\/page"}],"author":[{"embeddable":true,"href":"https:\/\/adhoc.com.tr\/index.php\/wp-json\/wp\/v2\/users\/1"}],"replies":[{"embeddable":true,"href":"https:\/\/adhoc.com.tr\/index.php\/wp-json\/wp\/v2\/comments?post=9811"}],"version-history":[{"count":34,"href":"https:\/\/adhoc.com.tr\/index.php\/wp-json\/wp\/v2\/pages\/9811\/revisions"}],"predecessor-version":[{"id":11184,"href":"https:\/\/adhoc.com.tr\/index.php\/wp-json\/wp\/v2\/pages\/9811\/revisions\/11184"}],"wp:attachment":[{"href":"https:\/\/adhoc.com.tr\/index.php\/wp-json\/wp\/v2\/media?parent=9811"}],"curies":[{"name":"wp","href":"https:\/\/api.w.org\/{rel}","templated":true}]}}