{"id":8787,"date":"2022-09-06T11:49:32","date_gmt":"2022-09-06T08:49:32","guid":{"rendered":"https:\/\/the7.io\/blank\/?page_id=8787"},"modified":"2022-12-28T16:18:50","modified_gmt":"2022-12-28T13:18:50","slug":"cerezpolitikasi","status":"publish","type":"page","link":"https:\/\/adhoc.com.tr\/index.php\/language\/tr\/cerezpolitikasi\/","title":{"rendered":"\u00c7erez Politikam\u0131z"},"content":{"rendered":"\t\t<div data-elementor-type=\"wp-page\" data-elementor-id=\"8787\" class=\"elementor elementor-8787\" data-elementor-post-type=\"page\">\n\t\t\t\t\t\t<section class=\"elementor-section elementor-top-section elementor-element elementor-element-4230ca2 elementor-section-boxed elementor-section-height-default elementor-section-height-default\" data-id=\"4230ca2\" data-element_type=\"section\">\n\t\t\t\t\t\t<div class=\"elementor-container elementor-column-gap-wider\">\n\t\t\t\t\t<div class=\"elementor-column elementor-col-100 elementor-top-column elementor-element elementor-element-f7cf22c\" data-id=\"f7cf22c\" data-element_type=\"column\">\n\t\t\t<div class=\"elementor-widget-wrap elementor-element-populated\">\n\t\t\t\t\t\t<div class=\"elementor-element elementor-element-e5a9483 elementor-widget elementor-widget-text-editor\" data-id=\"e5a9483\" data-element_type=\"widget\" data-widget_type=\"text-editor.default\">\n\t\t\t\t<div class=\"elementor-widget-container\">\n\t\t\t\t\t\t\t\t\t<p><strong><span style=\"text-decoration: underline;\">\u0130NTERNET S\u0130TES\u0130 \u00c7EREZ KULLANIMI HAKKINDA B\u0130LG\u0130LEND\u0130RME METN\u0130<\/span><\/strong><\/p><h2><!-- \/wp:paragraph --><!-- wp:paragraph --><\/h2><p>ADHOC\u00a0Ara\u015ft\u0131rma Dan\u0131\u015fmanl\u0131k ve E\u011fitim Limited \u015eirketi\u00a0(\u201c<strong>ADHOC<\/strong>\u201d)\u00a0olarak, siz www.adhoc.com.tr (<strong>\u201c\u0130nternet Sitesi\u201d<em>)<\/em><\/strong>\u00a0ziyaret\u00e7ilerimize ait ki\u015fisel verilerin 6698 say\u0131l\u0131 Ki\u015fisel Verilerin Korunmas\u0131 Kanunu ve ikincil d\u00fczenlemelerine (\u201c<strong>KVK Mevzuat\u0131<\/strong>\u201d) uygun olarak i\u015flenmesi ve korunmas\u0131 i\u00e7in azami hassasiyeti g\u00f6stermekteyiz.<\/p><h2><!-- \/wp:paragraph --><!-- wp:paragraph --><\/h2><p><strong>ADHOC\u00a0<\/strong>olarak, Ki\u015fisel Verilerin Korunmas\u0131 mevzuat\u0131ndan do\u011fan ayd\u0131nlatma y\u00fck\u00fcml\u00fcl\u00fc\u011f\u00fc kapsam\u0131nda sizleri, i\u015fbu \u201c\u0130nternet Sitesi \u00c7erez Kullan\u0131m\u0131 Hakk\u0131nda Bilgilendirme Metni\u201d ile internet sitemiz taraf\u0131ndan kullan\u0131lan \u00e7erezler ve bu vas\u0131tayla i\u015flenen ki\u015fisel verileriniz hakk\u0131nda bilgilendirmek isteriz.\u00a0<\/p><h2><!-- \/wp:paragraph --><!-- wp:paragraph --><\/h2><p><strong>Hangi \u00c7erez T\u00fcrlerini Kullanmaktay\u0131z?<\/strong><\/p><h2><!-- \/wp:paragraph --><!-- wp:paragraph --><\/h2><p>\u00c7erezler\u00a0<em>(cookies)<\/em>\u00a0bir internet sitesi taraf\u0131ndan cihaz\u0131n\u0131zda olu\u015fturulan ve isim-de\u011fer format\u0131nda veri bar\u0131nd\u0131ran k\u00fc\u00e7\u00fck metin dosyalar\u0131d\u0131r. Dolay\u0131s\u0131yla, Sitemizi ziyaret etmenizle kulland\u0131\u011f\u0131m\u0131z \u00e7erezler cihaz\u0131n\u0131zda site ziyaretinize ili\u015fkin bilgi saklanmas\u0131n\u0131 ve bu bilgilerin sonraki ziyaretleriniz s\u0131ras\u0131nda kullan\u0131lmas\u0131n\u0131 m\u00fcmk\u00fcn k\u0131lmaktad\u0131r.\u00a0<\/p><h2><!-- \/wp:paragraph --><!-- wp:paragraph --><\/h2><p>Sitemiz taraf\u0131ndan olu\u015fturulan ve sadece Sitemiz taraf\u0131ndan okunabilen \u00e7erezler\u00a0<strong>birincil \u00e7erezlerdir.<\/strong><\/p><h2><!-- \/wp:paragraph --><!-- wp:paragraph --><\/h2><p>Sitemizde sunulan i\u00e7erik, eri\u015fim adresindeki alan ad\u0131 d\u0131\u015f\u0131nda ba\u015fka alan adlar\u0131 \u00fczerinden de sa\u011flanmaktad\u0131r. Bu gibi durumda her bir alan ad\u0131 kendine m\u00fcnhas\u0131r\u00a0<strong>\u00fc\u00e7\u00fcnc\u00fc taraf \u00e7erezler<\/strong>\u00a0yaratmaktad\u0131r.\u00a0<\/p><h2><!-- \/wp:paragraph --><!-- wp:paragraph --><\/h2><p>Sitemizde kulland\u0131\u011f\u0131m\u0131z \u00e7erez t\u00fcrleri ile bu \u00e7erezleri kullan\u0131m ama\u00e7lar\u0131m\u0131z a\u015fa\u011f\u0131daki gibidir:\u00a0\u00a0<\/p><h2><!-- \/wp:paragraph --><!-- wp:table --><\/h2><figure class=\"wp-block-table\"><table style=\"height: 257px;\" width=\"1361\"><tbody><tr><td><strong>No.<\/strong><\/td><td><strong>\u00c7erez T\u00fcr\u00fc<\/strong><\/td><td><strong>Kullan\u0131m Ama\u00e7lar\u0131<\/strong><\/td><\/tr><tr><td><strong>1.<\/strong><\/td><td><strong>Oturum \u00c7erezleri<\/strong><\/td><td>Oturum \u00e7erezleri, \u0130nternet Sitesini kullan\u0131m\u0131n\u0131z s\u0131ras\u0131nda ge\u00e7erli olan \u00e7erezler olup internet taray\u0131c\u0131n\u0131z\u0131 kapat\u0131ncaya kadar ge\u00e7erliliklerini korurlar.<\/td><\/tr><tr><td><strong>2.<\/strong><\/td><td><strong>Kal\u0131c\u0131 \u00c7erezler<\/strong><\/td><td>Bu \u00e7erezler taray\u0131c\u0131n\u0131zda saklanan ve taraf\u0131n\u0131zca silininceye dek veya son kullan\u0131m tarihine kadar ge\u00e7erlili\u011fini koruyan \u00e7erezlerdir.\u00a0<\/td><\/tr><tr><td><strong>3.<\/strong><\/td><td><strong>Zorunlu \u00c7erezler<\/strong><\/td><td>\u0130nternet Sitesinin d\u00fczg\u00fcn bir \u015fekilde \u00e7al\u0131\u015fabilmesi, \u00f6zelliklerinden ve sunulan hizmetlerden yararlanabilmeniz i\u00e7in kullan\u0131m\u0131 mecburi olan \u00e7erezlerdir.<\/td><\/tr><tr><td><strong>4.<\/strong><\/td><td><strong>\u0130\u015flevsel ve Analitik \u00c7erezler<\/strong><\/td><td>Sitemizi ziyaretiniz s\u0131ras\u0131ndaki davran\u0131\u015f ve tercihlerinizin hat\u0131rlanmas\u0131, Sitemizin etkin bir \u015fekilde kullan\u0131lmas\u0131, Sitemizin isteklerinize cevap verecek \u015fekilde optimize edilmesi gibi ama\u00e7larla kullan\u0131lan ve siteyi nas\u0131l kulland\u0131\u011f\u0131n\u0131z hakk\u0131nda verileri i\u00e7eren \u00e7erezlerdir. Nitelikleri gere\u011fi bu t\u00fcrdeki \u00e7erezler ki\u015fisel verilerinizi i\u00e7erebilir. Bu \u00e7erezler vas\u0131tas\u0131yla \u00f6rne\u011fin Sitemizin g\u00f6r\u00fcnt\u00fclenme dil tercihiniz i\u015flenir.\u00a0<\/td><\/tr><\/tbody><\/table><\/figure><h2><!-- \/wp:table --><!-- wp:paragraph --><\/h2><p>Sitemizde kulland\u0131\u011f\u0131m\u0131z \u00fc\u00e7\u00fcnc\u00fc taraf \u00e7erezler ile sizlere daha verimli ve i\u015flevsel bir internet deneyimi sunmay\u0131 ama\u00e7lamaktay\u0131z.\u00a0\u00a0Bu \u00fc\u00e7\u00fcnc\u00fc ki\u015fi hizmet sa\u011flay\u0131c\u0131lar ile<strong>\u00a0ADHOC\u00a0<\/strong>aras\u0131nda KVK mevzuat\u0131 uyar\u0131nca KVK Gizlilik S\u00f6zle\u015fmesi akdedilmi\u015f olup bu ki\u015filer taraf\u0131ndan<strong>\u00a0<\/strong><strong>ADHOC\u00a0<\/strong>ad\u0131na elde edilen ki\u015fisel verilerinizin g\u00fcvenli\u011fi garanti alt\u0131na al\u0131nm\u0131\u015ft\u0131r.\u00a0<\/p><h2><!-- \/wp:paragraph --><!-- wp:paragraph --><\/h2><p><strong>\u00c7erezlerin Saklanmas\u0131 ve Eri\u015filmesi<\/strong><\/p><h2><!-- \/wp:paragraph --><!-- wp:paragraph --><\/h2><p>Sitemiz taraf\u0131ndan olu\u015fturulan \u00e7erezler Sitemize eri\u015fim i\u00e7in kulland\u0131\u011f\u0131n\u0131z internet sitesi taray\u0131c\u0131n\u0131z taraf\u0131ndan bilgisayar\u0131n\u0131zda saklanmaktad\u0131r. Bu \u00e7erezlerin i\u00e7erdi\u011fi bilgilere sadece \u00e7erezi olu\u015fturan\u00a0<a href=\"https:\/\/adhoc.com.tr\/\">www.adhoc.com.tr<\/a>\u00a0alan ad\u0131 alt\u0131nda sunulan Sitemiz taraf\u0131ndan ve ayn\u0131 taray\u0131c\u0131y\u0131 kulland\u0131\u011f\u0131n\u0131z takdirde uzaktan eri\u015fim m\u00fcmk\u00fcnd\u00fcr.<\/p><h2><!-- \/wp:paragraph --><!-- wp:paragraph --><\/h2><p><strong>\u00c7erezleri Kabul Etmek Sizin Elinizde<\/strong><\/p><h2><!-- \/wp:paragraph --><!-- wp:paragraph --><\/h2><p>Internet taray\u0131c\u0131lar\u0131n\u0131z genellikle ziyaret etti\u011finiz sitelerde kullan\u0131lan \u00e7erezleri otomatik olarak kabul etmektedir. Internet Sitemizi kullanabilmek i\u00e7in \u00e7erez kullan\u0131m\u0131 zorunlu de\u011fildir, fakat taray\u0131c\u0131n\u0131z\u0131 t\u00fcm \u00e7erezleri engelleyecek \u015fekilde ayarlaman\u0131z halinde kullan\u0131c\u0131 deneyiminizin kalitesi d\u00fc\u015febilir ve Sitemize eri\u015fim sa\u011flaman\u0131z\u0131 ya da Sitemizin \u00e7e\u015fitli i\u015flevlerinden yararlanman\u0131z\u0131 engelleyebilir.<\/p><h2><!-- \/wp:paragraph --><!-- wp:paragraph --><\/h2><p>Taray\u0131c\u0131n\u0131z\u0131 \u00e7erezleri t\u00fcm siteler veya belirli siteler i\u00e7in engelleyecek, \u00e7erez olu\u015fturuldu\u011funda uyar\u0131 verecek, \u00fc\u00e7\u00fcnc\u00fc taraf \u00e7erezleri engelleyecek veya t\u00fcm \u00e7erezleri oturum \u00e7erezi gibi sayacak \u015fekilde yap\u0131land\u0131rabilirsiniz.\u00a0<\/p><h2><!-- \/wp:paragraph --><!-- wp:paragraph --><\/h2><p>Di\u011fer yandan, taray\u0131c\u0131n\u0131z \u00fczerinden cihaz\u0131n\u0131zda kaydedilen \u00e7erezleri silebilir veya bu \u00e7erezlerin listesini ve de\u011ferlerini g\u00f6rebilir ve takip edebilirsiniz.<\/p><p>\u00c7erezler hakk\u0131nda daha fazla bilgi almak isterseniz<strong>\u00a0<\/strong><a href=\"about:blank\">www.aboutcookies.org<\/a>\u00a0ile\u00a0<a href=\"about:blank\">www.youronlinechoices.eu<\/a>\u00a0adreslerini t\u0131klayabilirsiniz. Site i\u00e7erikleri \u0130ngilizcedir.\u00a0<\/p><h2><!-- \/wp:paragraph --><!-- wp:paragraph --><\/h2><p><strong>Ki\u015fisel Verilerinizin G\u00fcvenli\u011fi<\/strong><\/p><h2><!-- \/wp:paragraph --><!-- wp:paragraph --><\/h2><p>\u00c7erezler i\u015fbu \u00c7erez Bilgilendirme Metni\u2019nde belirtilen ama\u00e7lar d\u0131\u015f\u0131nda kullan\u0131lmamakta olup t\u00fcm ilgili i\u015flemler KVK mevzuat\u0131na uygun olarak y\u00fcr\u00fct\u00fclmektedir. \u00c7erezler vas\u0131tas\u0131yla elde edilen ki\u015fisel verileriniz\u00a0<strong>ADHOC\u00a0<\/strong>taraf\u0131ndan KVK mevzuat\u0131na uygun olarak i\u015flenmekte, saklanmakta ve g\u00fcvenli\u011fi sa\u011flanmaktad\u0131r.<\/p><h2><!-- \/wp:paragraph --><!-- wp:paragraph --><\/h2><p><strong>Bilgi Edinme Hakk\u0131n\u0131z<\/strong><\/p><h2><!-- \/wp:paragraph --><!-- wp:paragraph --><\/h2><p>KVK Kanunu\u2019nun 11. maddesi kapsam\u0131nda,\u00a0<strong>ADHOC\u2019a\u00a0<\/strong>ba\u015fvurarak ki\u015fisel verilerinizin;\u00a0<\/p><h2><!-- \/wp:paragraph --><!-- wp:list --><\/h2><ul><li>Ki\u015fisel verilerinizin i\u015flenip i\u015flenmedi\u011fini \u00f6\u011frenme,\u00a0<\/li><li>Ki\u015fisel verileriniz i\u015flenmi\u015fse buna ili\u015fkin bilgi talep etme,<\/li><li>Ki\u015fisel verilerinizin i\u015flenme amac\u0131n\u0131 ve bunlar\u0131n amac\u0131na uygun kullan\u0131l\u0131p kullan\u0131lmad\u0131\u011f\u0131n\u0131 \u00f6\u011frenme,\u00a0<\/li><li>Yurt i\u00e7inde veya yurt d\u0131\u015f\u0131nda ki\u015fisel verilerinizin aktar\u0131ld\u0131\u011f\u0131 \u00fc\u00e7\u00fcnc\u00fc ki\u015fileri bilme,\u00a0<\/li><li>Ki\u015fisel verilerinizin eksik veya yanl\u0131\u015f i\u015flenmi\u015f olmas\u0131 h\u00e2linde bunlar\u0131n d\u00fczeltilmesini isteme,\u00a0<\/li><li>Kanun\u2019un 7. maddesinde \u00f6ng\u00f6r\u00fclen \u015fartlar \u00e7er\u00e7evesinde ki\u015fisel verilerin silinmesini veya yok edilmesini isteme,\u00a0<\/li><li>Kanun\u2019un 11. maddesinin (d) ve (e) bentleri uyar\u0131nca yap\u0131lan i\u015flemlerin, ki\u015fisel verilerinizin aktar\u0131ld\u0131\u011f\u0131 \u00fc\u00e7\u00fcnc\u00fc ki\u015filere bildirilmesini isteme,\u00a0<\/li><li>\u0130\u015flenen verilerinizin m\u00fcnhas\u0131ran otomatik sistemler vas\u0131tas\u0131yla analiz edilmesi suretiyle kendiniz aleyhine bir sonucun ortaya \u00e7\u0131kmas\u0131na itiraz etme,<\/li><li>Ki\u015fisel verilerinizin kanuna ayk\u0131r\u0131 olarak i\u015flenmesi sebebiyle zarara u\u011framan\u0131z h\u00e2linde zarar\u0131n giderilmesini talep etme haklar\u0131na sahip oldu\u011funuzu bildiririz.<\/li><\/ul><h2><!-- \/wp:list --><!-- wp:paragraph --><\/h2><p>\u0130\u015fbu \u00c7erez Bilgilendirme Metni, de\u011fi\u015fen s\u00fcre\u00e7lerimiz dolay\u0131s\u0131yla KVK mevzuata uyum sa\u011flamak amac\u0131yla g\u00fcncellenebilecektir. Otomatik e-posta g\u00f6nderim listemizde yer al\u0131yorsan\u0131z, g\u00fcncellemelerimiz size e-posta yolu ile bildirilecektir. Otomatik e-posta g\u00f6nderim listemizde yer alm\u0131yor iseniz g\u00fcncellemeler i\u00e7in sitemizi s\u0131k s\u0131k ziyaret etmenizi rica ederiz.<\/p>\t\t\t\t\t\t\t\t<\/div>\n\t\t\t\t<\/div>\n\t\t\t\t\t<\/div>\n\t\t<\/div>\n\t\t\t\t\t<\/div>\n\t\t<\/section>\n\t\t\t\t<\/div>\n\t\t","protected":false},"excerpt":{"rendered":"<p>\u0130NTERNET S\u0130TES\u0130 \u00c7EREZ KULLANIMI HAKKINDA B\u0130LG\u0130LEND\u0130RME METN\u0130 ADHOC\u00a0Ara\u015ft\u0131rma Dan\u0131\u015fmanl\u0131k ve E\u011fitim Limited \u015eirketi\u00a0(\u201cADHOC\u201d)\u00a0olarak, siz www.adhoc.com.tr (\u201c\u0130nternet Sitesi\u201d)\u00a0ziyaret\u00e7ilerimize ait ki\u015fisel verilerin 6698 say\u0131l\u0131 Ki\u015fisel Verilerin Korunmas\u0131 Kanunu ve ikincil d\u00fczenlemelerine (\u201cKVK Mevzuat\u0131\u201d) uygun olarak i\u015flenmesi ve korunmas\u0131 i\u00e7in azami hassasiyeti g\u00f6stermekteyiz. ADHOC\u00a0olarak, Ki\u015fisel Verilerin Korunmas\u0131 mevzuat\u0131ndan do\u011fan ayd\u0131nlatma y\u00fck\u00fcml\u00fcl\u00fc\u011f\u00fc kapsam\u0131nda sizleri, i\u015fbu \u201c\u0130nternet Sitesi \u00c7erez Kullan\u0131m\u0131&hellip;<\/p>\n","protected":false},"author":1,"featured_media":0,"parent":0,"menu_order":990,"comment_status":"closed","ping_status":"closed","template":"","meta":{"jetpack_post_was_ever_published":false,"footnotes":""},"class_list":["post-8787","page","type-page","status-publish","hentry"],"jetpack_sharing_enabled":true,"jetpack_shortlink":"https:\/\/wp.me\/P9Bq60-2hJ","jetpack-related-posts":[{"id":5475,"url":"https:\/\/adhoc.com.tr\/index.php\/language\/tr\/gizlilikpolitikasi\/","url_meta":{"origin":8787,"position":0},"title":"Gizlilik Politikam\u0131z","author":"admin","date":"1 Ekim 2021","format":false,"excerpt":"K\u0130\u015e\u0130SEL VER\u0130LER\u0130N KORUNMASI VE \u0130\u015eLENMES\u0130 HAKKINDA\u00a0 GENEL AYDINLATMA METN\u0130 ADHOC\u00a0Ara\u015ft\u0131rma Dan\u0131\u015fmanl\u0131k ve E\u011fitim Limited \u015eirketi\u00a0(\u201cADHOC\u201d\u00a0veya \u201c\u015firket\u201d)\u00a0olarak ki\u015fisel verilerinizin g\u00fcvenli\u011fi hususuna azami hassasiyet g\u00f6stermekteyiz. Bu do\u011frultuda, Vakf\u0131n etkile\u015fim i\u00e7erisine oldu\u011fu ger\u00e7ek ki\u015filere ait ki\u015fisel verilerin 6698 say\u0131l\u0131 Ki\u015fisel Verilerin Korunmas\u0131 Kanunu (\u201cKanun\u201d)\u2019na, Kanun\u2019a ba\u011fl\u0131 y\u00fcr\u00fcrl\u00fc\u011fe koyulan ve koyulacak ikincil d\u00fczenlemelere (y\u00f6netmelik,\u2026","rel":"","context":"Benzer yaz\u0131","block_context":{"text":"Benzer yaz\u0131","link":""},"img":{"alt_text":"","src":"","width":0,"height":0},"classes":[]},{"id":789,"url":"https:\/\/adhoc.com.tr\/index.php\/language\/tr\/raporlar\/","url_meta":{"origin":8787,"position":1},"title":"Sendikal Raporlar","author":"admin","date":"18 Mart 2020","format":false,"excerpt":"STK\u2019lar\u0131n Ulusal Medyadaki Temsili Medya AnaliziAvrupa Birli\u011fi taraf\u0131ndan desteklenen \u201cSivil Diyalo\u011fun G\u00fc\u00e7lenmesi\u201d projesi kapsam\u0131nda yap\u0131lan \u201cSTK\u2019lar\u0131n Ulusal Medyadaki Temsili: Medya Analizi\u201d ara\u015ft\u0131rmas\u0131 ile, T\u00fcrkiye\u2019de faaliyet g\u00f6steren sivil toplum kurulu\u015flar\u0131n\u0131n ulusal medyadaki izd\u00fc\u015f\u00fcmleri analiz edildi.Yay\u0131n\u0131 indirinSivil Toplum Sekt\u00f6r\u00fcn\u00fcn Etkisi Ara\u015ft\u0131rmas\u0131: T\u00fcrkiye\u2019de AB Desteklerinin Sivil Toplum Sekt\u00f6r\u00fcn\u00fcn Etkisindeki Pay\u0131T\u00fcrkiye\u2019de Sivil Toplum Sekt\u00f6r\u00fcn\u00fcn\u2026","rel":"","context":"Benzer yaz\u0131","block_context":{"text":"Benzer yaz\u0131","link":""},"img":{"alt_text":"","src":"","width":0,"height":0},"classes":[]},{"id":1671,"url":"https:\/\/adhoc.com.tr\/index.php\/language\/tr\/anasayfa\/","url_meta":{"origin":8787,"position":2},"title":"Anasayfa","author":"admin","date":"10 Ocak 2023","format":false,"excerpt":"Adhoc Ara\u015ft\u0131rma Dan\u0131\u015fmanl\u0131k Analiz Strateji Olarak; \u00d6zel sekt\u00f6r, akademi, kamu ve sivil toplumun bilgi ihtiya\u00e7lar\u0131n\u0131 kar\u015f\u0131lamay\u0131 ve bu bilginin kurumlar\u0131n hedefleri do\u011frultusunda stratejiye d\u00f6n\u00fc\u015fmesine katk\u0131 sa\u011flamay\u0131 hedefleriz. Kurumlar\u0131n ve \u015firketlerin kavramsal, prosed\u00fcrle ve olgusal bilgilere dayanan strateji \u00e7al\u0131\u015fmalar\u0131na katk\u0131 sunuyoruz. 2009'dan beri Toplumsal alg\u0131lar \u00e7ok y\u00f6nl\u00fc ve komplekstir Hedeflenen konulara,\u2026","rel":"","context":"Benzer yaz\u0131","block_context":{"text":"Benzer yaz\u0131","link":""},"img":{"alt_text":"","src":"data:image\/svg+xml,%3Csvg%20xmlns%3D'http%3A%2F%2Fwww.w3.org%2F2000%2Fsvg'%20viewBox%3D'0%200%20900%20600'%2F%3E","width":350,"height":200,"srcset":"data:image\/svg+xml,%3Csvg%20xmlns%3D'http%3A%2F%2Fwww.w3.org%2F2000%2Fsvg'%20viewBox%3D'0%200%20900%20600'%2F%3E 1x, data:image\/svg+xml,%3Csvg%20xmlns%3D'http%3A%2F%2Fwww.w3.org%2F2000%2Fsvg'%20viewBox%3D'0%200%20900%20600'%2F%3E 1.5x, data:image\/svg+xml,%3Csvg%20xmlns%3D'http%3A%2F%2Fwww.w3.org%2F2000%2Fsvg'%20viewBox%3D'0%200%20900%20600'%2F%3E 2x"},"classes":[]},{"id":9811,"url":"https:\/\/adhoc.com.tr\/index.php\/language\/tr\/about\/","url_meta":{"origin":8787,"position":3},"title":"Ad_manifesto","author":"admin","date":"11 Mart 2020","format":false,"excerpt":"\"Rasyonel olan ger\u00e7ektir, ger\u00e7ek olan ili\u015fkisel.\" Adhoc bir \u201cara\u015ft\u0131rma \u015firketi\u201d olmaktan \u00f6te; ara\u015ft\u0131rmalardan beslenen \u2013\u00a0daha kesin bir ifadeyle anlam d\u00fcnyalar\u0131n\u0131 bilimsel bilgiden kuran\u00a0\u2013\u00a0sosyal bilimcilerin\u00a0olu\u015fturdu\u011fu bir ara\u015ft\u0131rma ekibidir.\u00a0Ku\u015fkulu\u00a0ve\u00a0merakl\u0131d\u0131r. Her t\u00fcrl\u00fc arg\u00fcman\u0131n temellerini, kesinliklerini ve etkilerini irdeler, irdeledik\u00e7e daha \u00e7ok ara\u015ft\u0131r\u0131r; meselelerin\u00a0her k\u00f6\u015fesine bakar\u00a0ve derinlemesine anlamaya \u00e7al\u0131\u015f\u0131r. Farkl\u0131 veri kaynaklar\u0131ndan toplad\u0131\u011f\u0131 verileri\u2026","rel":"","context":"Benzer yaz\u0131","block_context":{"text":"Benzer yaz\u0131","link":""},"img":{"alt_text":"","src":"","width":0,"height":0},"classes":[]}],"_links":{"self":[{"href":"https:\/\/adhoc.com.tr\/index.php\/wp-json\/wp\/v2\/pages\/8787","targetHints":{"allow":["GET"]}}],"collection":[{"href":"https:\/\/adhoc.com.tr\/index.php\/wp-json\/wp\/v2\/pages"}],"about":[{"href":"https:\/\/adhoc.com.tr\/index.php\/wp-json\/wp\/v2\/types\/page"}],"author":[{"embeddable":true,"href":"https:\/\/adhoc.com.tr\/index.php\/wp-json\/wp\/v2\/users\/1"}],"replies":[{"embeddable":true,"href":"https:\/\/adhoc.com.tr\/index.php\/wp-json\/wp\/v2\/comments?post=8787"}],"version-history":[{"count":4,"href":"https:\/\/adhoc.com.tr\/index.php\/wp-json\/wp\/v2\/pages\/8787\/revisions"}],"predecessor-version":[{"id":10006,"href":"https:\/\/adhoc.com.tr\/index.php\/wp-json\/wp\/v2\/pages\/8787\/revisions\/10006"}],"wp:attachment":[{"href":"https:\/\/adhoc.com.tr\/index.php\/wp-json\/wp\/v2\/media?parent=8787"}],"curies":[{"name":"wp","href":"https:\/\/api.w.org\/{rel}","templated":true}]}}