{"id":789,"date":"2020-03-18T18:52:03","date_gmt":"2020-03-18T15:52:03","guid":{"rendered":"https:\/\/the7.io\/elementor-minimal-creative-light\/?page_id=789"},"modified":"2023-07-14T15:01:31","modified_gmt":"2023-07-14T12:01:31","slug":"raporlar","status":"publish","type":"page","link":"https:\/\/adhoc.com.tr\/index.php\/language\/tr\/raporlar\/","title":{"rendered":"Sendikal Raporlar"},"content":{"rendered":"\t\t<div data-elementor-type=\"wp-page\" data-elementor-id=\"789\" class=\"elementor elementor-789\" data-elementor-post-type=\"page\">\n\t\t\t\t\t\t<section class=\"elementor-section elementor-top-section elementor-element elementor-element-7326c3bc elementor-section-full_width elementor-section-height-default elementor-section-height-default\" data-id=\"7326c3bc\" data-element_type=\"section\">\n\t\t\t\t\t\t<div class=\"elementor-container elementor-column-gap-no\">\n\t\t\t\t\t<div class=\"elementor-column elementor-col-100 elementor-top-column elementor-element elementor-element-700106e3\" data-id=\"700106e3\" data-element_type=\"column\">\n\t\t\t<div class=\"elementor-widget-wrap elementor-element-populated\">\n\t\t\t\t\t\t<div class=\"elementor-element elementor-element-c6050dd elementor--h-position-right elementor--v-position-middle elementor-arrows-position-inside elementor-widget elementor-widget-slides\" data-id=\"c6050dd\" data-element_type=\"widget\" data-settings=\"{&quot;navigation&quot;:&quot;arrows&quot;,&quot;transition_speed&quot;:800,&quot;autoplay&quot;:&quot;yes&quot;,&quot;pause_on_hover&quot;:&quot;yes&quot;,&quot;pause_on_interaction&quot;:&quot;yes&quot;,&quot;autoplay_speed&quot;:5000,&quot;infinite&quot;:&quot;yes&quot;,&quot;transition&quot;:&quot;slide&quot;}\" data-widget_type=\"slides.default\">\n\t\t\t\t<div class=\"elementor-widget-container\">\n\t\t\t\t\t\t\t\t\t<div class=\"elementor-swiper\">\n\t\t\t\t\t<div class=\"elementor-slides-wrapper elementor-main-swiper swiper\" role=\"region\" aria-roledescription=\"carousel\" aria-label=\"Slides\" dir=\"ltr\" data-animation=\"fadeInRight\">\n\t\t\t\t<div class=\"swiper-wrapper elementor-slides\">\n\t\t\t\t\t\t\t\t\t\t<div class=\"elementor-repeater-item-0fc3d4e swiper-slide\" role=\"group\" aria-roledescription=\"slide\"><div class=\"swiper-slide-bg\" role=\"img\"><\/div><div class=\"swiper-slide-inner\" ><div class=\"swiper-slide-contents\"><div class=\"elementor-slide-heading\">STK\u2019lar\u0131n Ulusal Medyadaki Temsili Medya Analizi<\/div><div class=\"elementor-slide-description\">Avrupa Birli\u011fi taraf\u0131ndan desteklenen \u201cSivil Diyalo\u011fun G\u00fc\u00e7lenmesi\u201d projesi kapsam\u0131nda yap\u0131lan \u201cSTK\u2019lar\u0131n Ulusal Medyadaki Temsili: Medya Analizi\u201d ara\u015ft\u0131rmas\u0131 ile, T\u00fcrkiye\u2019de faaliyet g\u00f6steren sivil toplum kurulu\u015flar\u0131n\u0131n ulusal medyadaki izd\u00fc\u015f\u00fcmleri analiz edildi.<\/div><a href=\"https:\/\/adhoc.com.tr\/wp-content\/uploads\/2022\/12\/stklarin-ulusal-medyadaki-temsili-medya-analizi.pdf\" class=\"elementor-button elementor-slide-button elementor-size-md\">Yay\u0131n\u0131 indirin<\/a><\/div><\/div><\/div><div class=\"elementor-repeater-item-fd7b0fe swiper-slide\" role=\"group\" aria-roledescription=\"slide\"><div class=\"swiper-slide-bg\" role=\"img\"><\/div><div class=\"swiper-slide-inner\" ><div class=\"swiper-slide-contents\"><div class=\"elementor-slide-heading\">Sivil Toplum Sekt\u00f6r\u00fcn\u00fcn Etkisi Ara\u015ft\u0131rmas\u0131: T\u00fcrkiye\u2019de AB Desteklerinin Sivil Toplum Sekt\u00f6r\u00fcn\u00fcn Etkisindeki Pay\u0131<\/div><div class=\"elementor-slide-description\">T\u00fcrkiye\u2019de Sivil Toplum Sekt\u00f6r\u00fcn\u00fcn Etkisi Ara\u015ft\u0131rmas\u0131, T\u00fcrkiye Cumhuriyeti ve AB taraf\u0131ndan desteklenen ve AB Ba\u015fkanl\u0131\u011f\u0131 taraf\u0131ndan uygulanan Kamu ve STK\u2019lar Aras\u0131ndaki \u0130\u015fbirli\u011finin G\u00fc\u00e7lendirilmesi \u0130\u00e7in Ortakl\u0131klar ve A\u011flar Hibe Program\u0131 deste\u011fi ile TAV, \u0130KV ve YADA i\u015f birli\u011finde y\u00fcr\u00fct\u00fclen AB \u0130zleme A\u011f\u0131 Projesi kapsam\u0131nda ger\u00e7ekle\u015ftirildi. <\/div><a href=\"https:\/\/adhoc.com.tr\/project\/project001\/\" class=\"elementor-button elementor-slide-button elementor-size-md\">Yay\u0131n\u0131 indirin<\/a><\/div><\/div><\/div><div class=\"elementor-repeater-item-5cb766c swiper-slide\" role=\"group\" aria-roledescription=\"slide\"><div class=\"swiper-slide-bg\" role=\"img\"><\/div><div class=\"swiper-slide-inner\" ><div class=\"swiper-slide-contents\"><div class=\"elementor-slide-heading\">Diyalog Haritalama Ara\u015ft\u0131rmas\u0131<\/div><div class=\"elementor-slide-description\">Diyalog Haritalama Ara\u015ft\u0131rmas\u0131yla sivil toplum-kamu-\u00f6zel sekt\u00f6r aras\u0131ndaki diyalo\u011fun haritas\u0131n\u0131n \u00e7\u0131kar\u0131lmas\u0131, bu alandaki diyalog bo\u015fluklar\u0131n\u0131n ortaya konmas\u0131, bu bo\u015fluklar\u0131n ortaya koydu\u011fu imkanlar\u0131n ve STK\u2019lar\u0131n diyalog konusunda mevcut potansiyellerinin belirlenmesi ile diyalo\u011fun mevcut durumunun haritaland\u0131r\u0131lmas\u0131 hedeflendi.<\/div><a href=\"https:\/\/www.yada.org.tr\/s\/2626\/i\/diyalog-haritalama-arastirmasi.pdf\" class=\"elementor-button elementor-slide-button elementor-size-md\">Yay\u0131n\u0131 indirin<\/a><\/div><\/div><\/div><div class=\"elementor-repeater-item-ad99ce3 swiper-slide\" role=\"group\" aria-roledescription=\"slide\"><div class=\"swiper-slide-bg\" role=\"img\"><\/div><div class=\"swiper-slide-inner\" ><div class=\"swiper-slide-contents\"><div class=\"elementor-slide-heading\">Sivil Toplumun Medyadaki G\u00f6r\u00fcn\u00fcrl\u00fc\u011f\u00fc Analizi<\/div><div class=\"elementor-slide-description\">Sivil Toplumun Medyadaki G\u00f6r\u00fcn\u00fcrl\u00fc\u011f\u00fc Ara\u015ft\u0131rmas\u0131 ile T\u00fcrkiye\u2019de sivil toplum kurulu\u015flar\u0131n\u0131n, bu kurulu\u015flar\u0131n savundu\u011fu meselelerin, aktivitelerinin ulusal medyada yer al\u0131\u015f bi\u00e7imleri temsili olarak ortaya konarak haber olu\u015f bi\u00e7imlerine ili\u015fkin b\u00fct\u00fcnsel bir analiz ger\u00e7ekle\u015ftirildi.<\/div><a href=\"https:\/\/www.yada.org.tr\/s\/2626\/i\/sivil-toplumun-medyadaki-analizi.pdf\" class=\"elementor-button elementor-slide-button elementor-size-md\">Yay\u0131n\u0131 indirin<\/a><\/div><\/div><\/div><div class=\"elementor-repeater-item-bc666dd swiper-slide\" role=\"group\" aria-roledescription=\"slide\"><div class=\"swiper-slide-bg\" role=\"img\"><\/div><div class=\"swiper-slide-inner\" ><div class=\"swiper-slide-contents\"><div class=\"elementor-slide-heading\">T\u00fcrkiye\u2019de Marketlerin Plastik Ayak \u0130z\u0130 Ara\u015ft\u0131rmas\u0131<\/div><div class=\"elementor-slide-description\">Greenpeace i\u00e7in ger\u00e7ekle\u015ftirilen ara\u015ft\u0131rmada T\u00fcrkiye'deki perakende ve toptan s\u00fcpermarketlerin mevcut plastik kullan\u0131m\u0131 ve plastik kullan\u0131m\u0131 azalt\u0131m\u0131na y\u00f6nelik stratejileri resmedildi.<\/div><a href=\"https:\/\/adhoc.com.tr\/wp-content\/uploads\/2022\/12\/cb547752-marketlerin-plastik-ayak-izi-raporu-2020-greenpeace-turkiye-3.pdf\" class=\"elementor-button elementor-slide-button elementor-size-md\">Yay\u0131n\u0131 indirin<\/a><\/div><\/div><\/div><div class=\"elementor-repeater-item-8600166 swiper-slide\" role=\"group\" aria-roledescription=\"slide\"><div class=\"swiper-slide-bg\" role=\"img\"><\/div><a class=\"swiper-slide-inner\" href=\"https:\/\/adhoc.com.tr\/wp-content\/uploads\/2022\/12\/DisDegerlendirmeRaporuTR091219.pdf\"><div class=\"swiper-slide-contents\"><div class=\"elementor-slide-heading\">E\u015fitlik i\u00e7in Babalar da Burada Projesi Final D\u0131\u015f De\u011ferlendirme Raporu<\/div><div class=\"elementor-slide-description\">A\u00c7EV'in UN Trust Fund taraf\u0131ndan desteklenen Baba Destek Program\u0131'n\u0131n d\u0131\u015f de\u011ferlendirilmesi ger\u00e7ekle\u015ftirildi.<\/div><div  class=\"elementor-button elementor-slide-button elementor-size-md\">Yay\u0131n\u0131 indirin<\/div><\/div><\/a><\/div><div class=\"elementor-repeater-item-46f5b95 swiper-slide\" role=\"group\" aria-roledescription=\"slide\"><div class=\"swiper-slide-bg\" role=\"img\"><\/div><a class=\"swiper-slide-inner\" href=\"https:\/\/adhoc.com.tr\/wp-content\/uploads\/2022\/12\/diyalog-izleme-arastirmasi_Mart-2021.pdf\"><div class=\"swiper-slide-contents\"><div class=\"elementor-slide-heading\">Diyalog \u0130zleme Ara\u015ft\u0131rmas\u0131<\/div><div class=\"elementor-slide-description\">Diyalog \u0130zleme Ara\u015ft\u0131rmas\u0131 ile; Diyalog Haritalama Ara\u015ft\u0131rmas\u0131n\u0131n i\u015faret etti\u011fi farkl\u0131la\u015fma alanlar\u0131na temas eden 6 proje se\u00e7ildi ve bu projelerdeki diyalog ve i\u015f birli\u011fi s\u00fcre\u00e7leri derinlemesine incelendi.<\/div><div  class=\"elementor-button elementor-slide-button elementor-size-md\">Yay\u0131n\u0131 indirin<\/div><\/div><\/a><\/div><div class=\"elementor-repeater-item-1b2abd6 swiper-slide\" role=\"group\" aria-roledescription=\"slide\"><div class=\"swiper-slide-bg\" role=\"img\"><\/div><a class=\"swiper-slide-inner\" href=\"https:\/\/adhoc.com.tr\/wp-content\/uploads\/2019\/01\/YeniMedyaKullan\u0131m.pdf\"><div class=\"swiper-slide-contents\"><div class=\"elementor-slide-heading\">T\u00fcrkiye'de Yeni Medya Kullan\u0131m E\u011filimleri<\/div><div class=\"elementor-slide-description\">Kadir Has \u00dcniversitesi Bilimsel Ara\u015ft\u0131rma Projesi (BAP) fonu taraf\u0131ndan desteklenen \u201cT\u00fcrkiye\u2019de Yeni Medya Kullan\u0131m E\u011filimleri Ara\u015ft\u0131rmas\u0131\u201d ara\u015ft\u0131rmas\u0131nda T\u00fcrkiye'nin internet kullan\u0131c\u0131 ve kullan\u0131m profilleri ortaya \u00e7\u0131kar\u0131ld\u0131.<\/div><div  class=\"elementor-button elementor-slide-button elementor-size-md\">Yay\u0131n\u0131 indirin<\/div><\/div><\/a><\/div><div class=\"elementor-repeater-item-d778b81 swiper-slide\" role=\"group\" aria-roledescription=\"slide\"><div class=\"swiper-slide-bg\" role=\"img\"><\/div><a class=\"swiper-slide-inner\" href=\"https:\/\/adhoc.com.tr\/wp-content\/uploads\/2023\/06\/milasta-komurden-adil-cikis.pdf\"><div class=\"swiper-slide-contents\"><div class=\"elementor-slide-heading\">Milas\u2019ta K\u00f6m\u00fcrden Adil \u00c7\u0131k\u0131\u015f<\/div><div class=\"elementor-slide-description\">Ara\u015ft\u0131rma bu b\u00f6lgede, 2053 viz- yonu ile ka\u00e7\u0131n\u0131lmaz olan k\u00f6m\u00fcrden \u00e7\u0131k\u0131\u015f s\u00fcrecinin adil bir bi\u00e7imde ger\u00e7ekle\u015fmesi i\u00e7in g\u00f6zetilmesi en\n\u00f6nemli unsurlardan olan il\u00e7e halk\u0131n\u0131n alg\u0131, yakla\u015f\u0131m ve ihtiya\u00e7lar\u0131n\u0131 ortaya koymay\u0131 hedefliyor.<\/div><div  class=\"elementor-button elementor-slide-button elementor-size-md\">Yay\u0131n\u0131 indirin<\/div><\/div><\/a><\/div><div class=\"elementor-repeater-item-e1f1e94 swiper-slide\" role=\"group\" aria-roledescription=\"slide\"><div class=\"swiper-slide-bg\" role=\"img\"><\/div><a class=\"swiper-slide-inner\" href=\"https:\/\/adhoc.com.tr\/wp-content\/uploads\/2023\/Turkiyede-gazetecilik-algi-ve-profil-arastirmasi-TGS.pdf\"><div class=\"swiper-slide-contents\"><div class=\"elementor-slide-heading\">T\u00fcrkiye\u2019de Gazetecilik: Alg\u0131 ve Profil Ara\u015ft\u0131rmas\u0131<\/div><div class=\"elementor-slide-description\">T\u00fcrkiye\u2019de medya ve gazetecilik sekt\u00f6r\u00fc \u00e7al\u0131\u015fanlar\u0131n\u0131n mevcut sosyo-ekonomik durumunu, \u00e7al\u0131\u015fma ko\u015fullar\u0131n\u0131 ve mesleki \u00f6rg\u00fctlenmelere dair alg\u0131lar\u0131n\u0131 tespit etmeyi ve sekt\u00f6re dair ihtiya\u00e7, alg\u0131, beklenti ve \u00f6nceliklerini ortaya koymay\u0131 ama\u00e7layan bu ara\u015ft\u0131rma Avrupa Gazeteciler Federasyonu\u2019nun (EFJ) deste\u011fiyle T\u00fcrkiye Gazeteciler Sendikas\u0131 i\u00e7in ger\u00e7ekle\u015ftirilmi\u015ftir.<\/div><div  class=\"elementor-button elementor-slide-button elementor-size-md\">Yay\u0131n\u0131 indirin<\/div><\/div><\/a><\/div>\t\t\t\t<\/div>\n\t\t\t\t\t\t\t\t\t\t\t\t\t\t\t\t\t\t\t\t<div class=\"elementor-swiper-button elementor-swiper-button-prev\" role=\"button\" tabindex=\"0\" aria-label=\"Previous slide\">\n\t\t\t\t\t\t\t<i aria-hidden=\"true\" class=\"eicon-chevron-left\"><\/i>\t\t\t\t\t\t<\/div>\n\t\t\t\t\t\t<div class=\"elementor-swiper-button elementor-swiper-button-next\" role=\"button\" tabindex=\"0\" aria-label=\"Next slide\">\n\t\t\t\t\t\t\t<i aria-hidden=\"true\" class=\"eicon-chevron-right\"><\/i>\t\t\t\t\t\t<\/div>\n\t\t\t\t\t\t\t\t\t\t\t\t<\/div>\n\t\t\t\t<\/div>\n\t\t\t\t\t\t\t\t<\/div>\n\t\t\t\t<\/div>\n\t\t\t\t\t<\/div>\n\t\t<\/div>\n\t\t\t\t\t<\/div>\n\t\t<\/section>\n\t\t\t\t<\/div>\n\t\t","protected":false},"excerpt":{"rendered":"<p>STK\u2019lar\u0131n Ulusal Medyadaki Temsili Medya AnaliziAvrupa Birli\u011fi taraf\u0131ndan desteklenen \u201cSivil Diyalo\u011fun G\u00fc\u00e7lenmesi\u201d projesi kapsam\u0131nda yap\u0131lan \u201cSTK\u2019lar\u0131n Ulusal Medyadaki Temsili: Medya Analizi\u201d ara\u015ft\u0131rmas\u0131 ile, T\u00fcrkiye\u2019de faaliyet g\u00f6steren sivil toplum kurulu\u015flar\u0131n\u0131n ulusal medyadaki izd\u00fc\u015f\u00fcmleri analiz edildi.Yay\u0131n\u0131 indirinSivil Toplum Sekt\u00f6r\u00fcn\u00fcn Etkisi Ara\u015ft\u0131rmas\u0131: T\u00fcrkiye\u2019de AB Desteklerinin Sivil Toplum Sekt\u00f6r\u00fcn\u00fcn Etkisindeki Pay\u0131T\u00fcrkiye\u2019de Sivil Toplum Sekt\u00f6r\u00fcn\u00fcn Etkisi Ara\u015ft\u0131rmas\u0131, T\u00fcrkiye Cumhuriyeti ve&hellip;<\/p>\n","protected":false},"author":1,"featured_media":0,"parent":0,"menu_order":1,"comment_status":"closed","ping_status":"closed","template":"","meta":{"jetpack_post_was_ever_published":false,"footnotes":""},"class_list":["post-789","page","type-page","status-publish","hentry"],"jetpack_sharing_enabled":true,"jetpack_shortlink":"https:\/\/wp.me\/P9Bq60-cJ","jetpack-related-posts":[{"id":9796,"url":"https:\/\/adhoc.com.tr\/index.php\/language\/tr\/referanslar\/","url_meta":{"origin":789,"position":0},"title":"Referanslar","author":"admin","date":"28 Aral\u0131k 2022","format":false,"excerpt":"\u00d6zel sekt\u00f6r 0 Sivil toplum 0 Akademi 0 Kamu kurulu\u015fu 0 Uluslararas\u0131 kurulu\u015f 0","rel":"","context":"Benzer yaz\u0131","block_context":{"text":"Benzer yaz\u0131","link":""},"img":{"alt_text":"","src":"","width":0,"height":0},"classes":[]},{"id":1671,"url":"https:\/\/adhoc.com.tr\/index.php\/language\/tr\/anasayfa\/","url_meta":{"origin":789,"position":1},"title":"Anasayfa","author":"admin","date":"10 Ocak 2023","format":false,"excerpt":"Adhoc Ara\u015ft\u0131rma Dan\u0131\u015fmanl\u0131k Analiz Strateji Olarak; \u00d6zel sekt\u00f6r, akademi, kamu ve sivil toplumun bilgi ihtiya\u00e7lar\u0131n\u0131 kar\u015f\u0131lamay\u0131 ve bu bilginin kurumlar\u0131n hedefleri do\u011frultusunda stratejiye d\u00f6n\u00fc\u015fmesine katk\u0131 sa\u011flamay\u0131 hedefleriz. Kurumlar\u0131n ve \u015firketlerin kavramsal, prosed\u00fcrle ve olgusal bilgilere dayanan strateji \u00e7al\u0131\u015fmalar\u0131na katk\u0131 sunuyoruz. 2009'dan beri Toplumsal alg\u0131lar \u00e7ok y\u00f6nl\u00fc ve komplekstir Hedeflenen konulara,\u2026","rel":"","context":"Benzer yaz\u0131","block_context":{"text":"Benzer yaz\u0131","link":""},"img":{"alt_text":"","src":"data:image\/svg+xml,%3Csvg%20xmlns%3D'http%3A%2F%2Fwww.w3.org%2F2000%2Fsvg'%20viewBox%3D'0%200%20900%20600'%2F%3E","width":350,"height":200,"srcset":"data:image\/svg+xml,%3Csvg%20xmlns%3D'http%3A%2F%2Fwww.w3.org%2F2000%2Fsvg'%20viewBox%3D'0%200%20900%20600'%2F%3E 1x, data:image\/svg+xml,%3Csvg%20xmlns%3D'http%3A%2F%2Fwww.w3.org%2F2000%2Fsvg'%20viewBox%3D'0%200%20900%20600'%2F%3E 1.5x, data:image\/svg+xml,%3Csvg%20xmlns%3D'http%3A%2F%2Fwww.w3.org%2F2000%2Fsvg'%20viewBox%3D'0%200%20900%20600'%2F%3E 2x"},"classes":[]},{"id":5475,"url":"https:\/\/adhoc.com.tr\/index.php\/language\/tr\/gizlilikpolitikasi\/","url_meta":{"origin":789,"position":2},"title":"Gizlilik Politikam\u0131z","author":"admin","date":"1 Ekim 2021","format":false,"excerpt":"K\u0130\u015e\u0130SEL VER\u0130LER\u0130N KORUNMASI VE \u0130\u015eLENMES\u0130 HAKKINDA\u00a0 GENEL AYDINLATMA METN\u0130 ADHOC\u00a0Ara\u015ft\u0131rma Dan\u0131\u015fmanl\u0131k ve E\u011fitim Limited \u015eirketi\u00a0(\u201cADHOC\u201d\u00a0veya \u201c\u015firket\u201d)\u00a0olarak ki\u015fisel verilerinizin g\u00fcvenli\u011fi hususuna azami hassasiyet g\u00f6stermekteyiz. Bu do\u011frultuda, Vakf\u0131n etkile\u015fim i\u00e7erisine oldu\u011fu ger\u00e7ek ki\u015filere ait ki\u015fisel verilerin 6698 say\u0131l\u0131 Ki\u015fisel Verilerin Korunmas\u0131 Kanunu (\u201cKanun\u201d)\u2019na, Kanun\u2019a ba\u011fl\u0131 y\u00fcr\u00fcrl\u00fc\u011fe koyulan ve koyulacak ikincil d\u00fczenlemelere (y\u00f6netmelik,\u2026","rel":"","context":"Benzer yaz\u0131","block_context":{"text":"Benzer yaz\u0131","link":""},"img":{"alt_text":"","src":"","width":0,"height":0},"classes":[]},{"id":9811,"url":"https:\/\/adhoc.com.tr\/index.php\/language\/tr\/about\/","url_meta":{"origin":789,"position":3},"title":"Ad_manifesto","author":"admin","date":"11 Mart 2020","format":false,"excerpt":"\"Rasyonel olan ger\u00e7ektir, ger\u00e7ek olan ili\u015fkisel.\" Adhoc bir \u201cara\u015ft\u0131rma \u015firketi\u201d olmaktan \u00f6te; ara\u015ft\u0131rmalardan beslenen \u2013\u00a0daha kesin bir ifadeyle anlam d\u00fcnyalar\u0131n\u0131 bilimsel bilgiden kuran\u00a0\u2013\u00a0sosyal bilimcilerin\u00a0olu\u015fturdu\u011fu bir ara\u015ft\u0131rma ekibidir.\u00a0Ku\u015fkulu\u00a0ve\u00a0merakl\u0131d\u0131r. Her t\u00fcrl\u00fc arg\u00fcman\u0131n temellerini, kesinliklerini ve etkilerini irdeler, irdeledik\u00e7e daha \u00e7ok ara\u015ft\u0131r\u0131r; meselelerin\u00a0her k\u00f6\u015fesine bakar\u00a0ve derinlemesine anlamaya \u00e7al\u0131\u015f\u0131r. Farkl\u0131 veri kaynaklar\u0131ndan toplad\u0131\u011f\u0131 verileri\u2026","rel":"","context":"Benzer yaz\u0131","block_context":{"text":"Benzer yaz\u0131","link":""},"img":{"alt_text":"","src":"","width":0,"height":0},"classes":[]},{"id":8787,"url":"https:\/\/adhoc.com.tr\/index.php\/language\/tr\/cerezpolitikasi\/","url_meta":{"origin":789,"position":4},"title":"\u00c7erez Politikam\u0131z","author":"admin","date":"6 Eyl\u00fcl 2022","format":false,"excerpt":"\u0130NTERNET S\u0130TES\u0130 \u00c7EREZ KULLANIMI HAKKINDA B\u0130LG\u0130LEND\u0130RME METN\u0130ADHOC\u00a0Ara\u015ft\u0131rma Dan\u0131\u015fmanl\u0131k ve E\u011fitim Limited \u015eirketi\u00a0(\u201cADHOC\u201d)\u00a0olarak, siz www.adhoc.com.tr (\u201c\u0130nternet Sitesi\u201d)\u00a0ziyaret\u00e7ilerimize ait ki\u015fisel verilerin 6698 say\u0131l\u0131 Ki\u015fisel Verilerin Korunmas\u0131 Kanunu ve ikincil d\u00fczenlemelerine (\u201cKVK Mevzuat\u0131\u201d) uygun olarak i\u015flenmesi ve korunmas\u0131 i\u00e7in azami hassasiyeti g\u00f6stermekteyiz.ADHOC\u00a0olarak, Ki\u015fisel Verilerin Korunmas\u0131 mevzuat\u0131ndan do\u011fan ayd\u0131nlatma y\u00fck\u00fcml\u00fcl\u00fc\u011f\u00fc kapsam\u0131nda sizleri, i\u015fbu \u201c\u0130nternet\u2026","rel":"","context":"Benzer yaz\u0131","block_context":{"text":"Benzer yaz\u0131","link":""},"img":{"alt_text":"","src":"","width":0,"height":0},"classes":[]}],"_links":{"self":[{"href":"https:\/\/adhoc.com.tr\/index.php\/wp-json\/wp\/v2\/pages\/789","targetHints":{"allow":["GET"]}}],"collection":[{"href":"https:\/\/adhoc.com.tr\/index.php\/wp-json\/wp\/v2\/pages"}],"about":[{"href":"https:\/\/adhoc.com.tr\/index.php\/wp-json\/wp\/v2\/types\/page"}],"author":[{"embeddable":true,"href":"https:\/\/adhoc.com.tr\/index.php\/wp-json\/wp\/v2\/users\/1"}],"replies":[{"embeddable":true,"href":"https:\/\/adhoc.com.tr\/index.php\/wp-json\/wp\/v2\/comments?post=789"}],"version-history":[{"count":183,"href":"https:\/\/adhoc.com.tr\/index.php\/wp-json\/wp\/v2\/pages\/789\/revisions"}],"predecessor-version":[{"id":11129,"href":"https:\/\/adhoc.com.tr\/index.php\/wp-json\/wp\/v2\/pages\/789\/revisions\/11129"}],"wp:attachment":[{"href":"https:\/\/adhoc.com.tr\/index.php\/wp-json\/wp\/v2\/media?parent=789"}],"curies":[{"name":"wp","href":"https:\/\/api.w.org\/{rel}","templated":true}]}}