{"id":5475,"date":"2021-10-01T13:01:38","date_gmt":"2021-10-01T10:01:38","guid":{"rendered":"https:\/\/the7.io\/business-advisors\/?page_id=5475"},"modified":"2022-12-28T16:19:07","modified_gmt":"2022-12-28T13:19:07","slug":"gizlilikpolitikasi","status":"publish","type":"page","link":"https:\/\/adhoc.com.tr\/index.php\/language\/tr\/gizlilikpolitikasi\/","title":{"rendered":"Gizlilik Politikam\u0131z"},"content":{"rendered":"\t\t<div data-elementor-type=\"wp-page\" data-elementor-id=\"5475\" class=\"elementor elementor-5475\" data-elementor-post-type=\"page\">\n\t\t\t\t\t\t<section class=\"elementor-section elementor-top-section elementor-element elementor-element-bd9e9d3 elementor-section-boxed elementor-section-height-default elementor-section-height-default\" data-id=\"bd9e9d3\" data-element_type=\"section\">\n\t\t\t\t\t\t<div class=\"elementor-container elementor-column-gap-wider\">\n\t\t\t\t\t<div class=\"elementor-column elementor-col-100 elementor-top-column elementor-element elementor-element-94c5a7a\" data-id=\"94c5a7a\" data-element_type=\"column\">\n\t\t\t<div class=\"elementor-widget-wrap elementor-element-populated\">\n\t\t\t\t\t\t<div class=\"elementor-element elementor-element-166dd67 elementor-widget elementor-widget-text-editor\" data-id=\"166dd67\" data-element_type=\"widget\" data-widget_type=\"text-editor.default\">\n\t\t\t\t<div class=\"elementor-widget-container\">\n\t\t\t\t\t\t\t\t\t<p><strong><span style=\"text-decoration: underline;\">K\u0130\u015e\u0130SEL VER\u0130LER\u0130N KORUNMASI VE \u0130\u015eLENMES\u0130 HAKKINDA\u00a0<\/span><\/strong><\/p>\n<h2><!-- \/wp:paragraph --><!-- wp:paragraph --><\/h2>\n<p><strong><span style=\"text-decoration: underline;\">GENEL AYDINLATMA METN\u0130<\/span><\/strong><\/p>\n<h2><!-- \/wp:paragraph --><!-- wp:paragraph --><\/h2>\n<p>ADHOC\u00a0Ara\u015ft\u0131rma Dan\u0131\u015fmanl\u0131k ve E\u011fitim Limited \u015eirketi\u00a0(\u201c<strong>ADHOC<\/strong>\u201d\u00a0<strong>veya \u201c\u015firket\u201d)<\/strong>\u00a0olarak ki\u015fisel verilerinizin g\u00fcvenli\u011fi hususuna azami hassasiyet g\u00f6stermekteyiz. Bu do\u011frultuda, Vakf\u0131n etkile\u015fim i\u00e7erisine oldu\u011fu ger\u00e7ek ki\u015filere ait ki\u015fisel verilerin 6698 say\u0131l\u0131 Ki\u015fisel Verilerin Korunmas\u0131 Kanunu (\u201c<strong>Kanun<\/strong>\u201d)\u2019na, Kanun\u2019a ba\u011fl\u0131 y\u00fcr\u00fcrl\u00fc\u011fe koyulan ve koyulacak ikincil d\u00fczenlemelere (y\u00f6netmelik, tebli\u011f, genelge) ve ba\u011flay\u0131c\u0131 nitelikteki Ki\u015fisel Verileri Koruma Kurul\u2019u taraf\u0131ndan al\u0131nm\u0131\u015f ve al\u0131nacak kararlara uygun olarak i\u015flenerek, muhafaza edilmesine b\u00fcy\u00fck \u00f6nem atfetmekteyiz. Bu sorumlulu\u011fumuzun gere\u011fi ve Kanun metninde tan\u0131ml\u0131 \u015fekli ile \u201cVeri Sorumlusu\u201d s\u0131fat\u0131yla, ki\u015fisel verilerinizi ilgili ticari ili\u015fkiler kapsam\u0131nda a\u015fa\u011f\u0131da izah edildi\u011fi surette ve mevzuat taraf\u0131ndan emredilen s\u0131n\u0131rlar \u00e7er\u00e7evesinde i\u015flemekteyiz.<\/p>\n<h2><!-- \/wp:paragraph --><!-- wp:list {\"ordered\":true,\"type\":\"1\"} --><\/h2>\n<ol type=\"1\">\n<li><strong>Veri Sorumlusuna \u0130li\u015fkin Bilgiler\u00a0<\/strong><\/li>\n<\/ol>\n<h2><!-- \/wp:list --><!-- wp:paragraph --><\/h2>\n<p>Kanun uyar\u0131nca \u0130stanbul Ticaret Sicil M\u00fcd\u00fcrl\u00fc\u011f\u00fc\u2019nde 703360 sicil numaras\u0131yla kay\u0131tl\u0131, Cafera\u011fa Mah. Moda Cad. No:5 Kad\u0131k\u00f6y \/ \u0130stanbul adresinde mukim ADHOC Veri Sorumlusudur.<\/p>\n<h2><!-- \/wp:paragraph --><!-- wp:list --><\/h2>\n<ul>\n<li><strong>Ki\u015fisel Verilerin \u0130\u015flenme Ama\u00e7lar\u0131<\/strong><\/li>\n<\/ul>\n<h2><!-- \/wp:list --><!-- wp:paragraph --><\/h2>\n<p>Ki\u015fisel verileriniz \u015firket taraf\u0131ndan; \u015firketin y\u00fcr\u00fctt\u00fc\u011f\u00fc sosyal veya ticari faaliyetlerin mevzuata ve \u015firket politikalar\u0131na uygun olarak yerine getirilmesi i\u00e7in \u015firketin i\u015f birimleri taraf\u0131ndan gerekli \u00e7al\u0131\u015fmalar\u0131n yap\u0131lmas\u0131 ve bu do\u011frultuda faaliyetlerin y\u00fcr\u00fct\u00fclmesi, \u015firketin k\u0131sa, orta ve uzun vadede s\u00fcrd\u00fcr\u00fclebilirlik politikalar\u0131n\u0131n tespit edilmesi, planlanmas\u0131 ve uygulanmas\u0131, \u015firketin insan kaynaklar\u0131 faaliyetlerinin tasarlanmas\u0131 ve y\u00fcr\u00fct\u00fclmesi, \u015firketin ilgili mevzuattan do\u011fan y\u00fck\u00fcml\u00fcl\u00fcklerin yerine getirilmesi, m\u00fc\u015fteri ili\u015fkileri ve kurumsal ileti\u015fim s\u00fcre\u00e7lerinin y\u00f6netilmesi ve \u015firketin ileti\u015fim ve i\u015f ili\u015fkisi i\u00e7erisinde oldu\u011fu ger\u00e7ek ve t\u00fczel ki\u015filerin ticari ve hukuki emniyetinin sa\u011flanmas\u0131 ama\u00e7lar\u0131yla Kanun\u2019da belirtilen s\u0131n\u0131rlar \u00e7er\u00e7evesinde hukuka, d\u00fcr\u00fcstl\u00fck kurallar\u0131na uygun ve i\u015fbu ama\u00e7larla daima ba\u011flant\u0131l\u0131, s\u0131n\u0131rl\u0131 ve \u00f6l\u00e7\u00fcl\u00fc \u015fekilde i\u015flenmektedir.<\/p>\n<h2><!-- \/wp:paragraph --><!-- wp:list --><\/h2>\n<ul>\n<li><strong>Ki\u015fisel Verilerin Aktar\u0131lmas\u0131<\/strong><\/li>\n<\/ul>\n<h2><!-- \/wp:list --><!-- wp:paragraph --><\/h2>\n<p>Ki\u015fisel verileriniz yukar\u0131da belirtilen ama\u00e7lar dahilinde, Kanun\u2019un 8. ve 9. maddesinde belirtilen \u015fartlara uygun olarak ba\u015fta kanunen yetkili kamu kurulu\u015flar\u0131na, adli ve idari makamlara, sair mevzuatta izin verilen \u00f6zel hukuk t\u00fczel ve ger\u00e7ek ki\u015filerine, \u015firketi denetime yetkili kurum ve kurulu\u015flara, \u00f6demelerin ve mali y\u00fck\u00fcml\u00fcl\u00fcklerin yerine getirilmesi ad\u0131na anla\u015fmal\u0131 olunan \u00f6deme kurulu\u015flar\u0131na, \u015firketin faaliyetlerinin y\u00fcr\u00fct\u00fclmesi ve geli\u015ftirilmesi i\u00e7in hizmet al\u0131nan veya i\u015fbirli\u011fi i\u00e7erisinde olunan i\u015f ortaklar\u0131na ve sadece gerekti\u011finde \u015firketin tedarik\u00e7ilerine Kanun\u2019da belirtilen veri g\u00fcvenli\u011fi tedbirleri al\u0131nmak suretiyle aktar\u0131lmaktad\u0131r.\u00a0<\/p>\n<h2><!-- \/wp:paragraph --><!-- wp:list --><\/h2>\n<ul>\n<li><strong>Ki\u015fisel Verilerin Toplanma Y\u00f6ntemi ve Hukuki Sebebi\u00a0<\/strong><\/li>\n<\/ul>\n<h2><!-- \/wp:list --><!-- wp:paragraph --><\/h2>\n<p>Ki\u015fisel verileriniz, \u015firketin yetkili birim ve \u00e7al\u0131\u015fanlar\u0131 taraf\u0131ndan otomatik ve otomatik olmayan y\u00f6ntemlerle, s\u00f6zl\u00fc, yaz\u0131l\u0131, g\u00f6r\u00fcnt\u00fcl\u00fc veya elektronik ortamda toplanmaktad\u0131r. Bu kapsamda kimlik, ileti\u015fim, lokasyon, m\u00fc\u015fteri i\u015flem, fiziksel mek\u00e2n g\u00fcvenli\u011fi, i\u015flem g\u00fcvenli\u011fi, risk y\u00f6netimi, finans, mesleki deneyim, g\u00f6rsel ve i\u015fitsel kay\u0131tlar kategorisinde yer alan ki\u015fisel veriler; Kanun\u2019un 5. Maddesinin ikinci f\u0131kras\u0131nda g\u00f6sterilen bir s\u00f6zle\u015fmenin\/anla\u015fman\u0131n kurulmas\u0131 veya ifas\u0131yla do\u011frudan do\u011fruya ilgili olmas\u0131ndan dolay\u0131 s\u00f6zle\u015fmenin\/anla\u015fman\u0131n taraflar\u0131na ait ki\u015fisel verilerin i\u015flenmesinin zorunlu olmas\u0131, veri sorumlusunun hukuki y\u00fck\u00fcml\u00fcl\u00fc\u011f\u00fcn\u00fc yerine getirebilmesi i\u00e7in veri i\u015flemenin zorunlu olmas\u0131, ilgili ki\u015finin kendisi taraf\u0131ndan alenile\u015ftirilmi\u015f olmas\u0131 ve ilgili ki\u015finin temel hak ve \u00f6zg\u00fcrl\u00fcklerinize zarar vermemek kayd\u0131yla ADHOC\u2019un me\u015fru menfaatleri i\u00e7in veri i\u015flemenin zorunlu olmas\u0131 hukuki sebeplerine dayal\u0131 olarak i\u015flenmektedir.\u00a0<\/p>\n<h2><!-- \/wp:paragraph --><!-- wp:list --><\/h2>\n<ul>\n<li><strong>Veri Sahiplerinin Kanun Kapsam\u0131ndaki Haklar\u0131<\/strong><\/li>\n<\/ul>\n<h2><!-- \/wp:list --><!-- wp:paragraph --><\/h2>\n<p>Diledi\u011finiz zaman\u00a0ADHOC\u2019a\u00a0ba\u015fvurarak;<\/p>\n<h2><!-- \/wp:paragraph --><!-- wp:list --><\/h2>\n<ul>\n<li>Ki\u015fisel verilerinizin i\u015flenip i\u015flenmedi\u011fini \u00f6\u011frenme,\u00a0<\/li>\n<li>Ki\u015fisel verileriniz i\u015flenmi\u015fse buna ili\u015fkin bilgi talep etme,<\/li>\n<li>Ki\u015fisel verilerinizin i\u015flenme amac\u0131n\u0131 ve bunlar\u0131n amac\u0131na uygun kullan\u0131l\u0131p kullan\u0131lmad\u0131\u011f\u0131n\u0131 \u00f6\u011frenme,\u00a0<\/li>\n<li>Yurt i\u00e7inde veya yurt d\u0131\u015f\u0131nda ki\u015fisel verilerinizin aktar\u0131ld\u0131\u011f\u0131 \u00fc\u00e7\u00fcnc\u00fc ki\u015fileri bilme,\u00a0<\/li>\n<li>Ki\u015fisel verilerinizin eksik veya yanl\u0131\u015f i\u015flenmi\u015f olmas\u0131 h\u00e2linde bunlar\u0131n d\u00fczeltilmesini isteme,\u00a0<\/li>\n<li>Kanun\u2019un 7. maddesinde \u00f6ng\u00f6r\u00fclen \u015fartlar \u00e7er\u00e7evesinde ki\u015fisel verilerin silinmesini veya yok edilmesini isteme,\u00a0<\/li>\n<li>Kanun\u2019un 11. maddesinin (d) ve (e) bentleri uyar\u0131nca yap\u0131lan i\u015flemlerin, ki\u015fisel verilerinizin aktar\u0131ld\u0131\u011f\u0131 \u00fc\u00e7\u00fcnc\u00fc ki\u015filere bildirilmesini isteme,\u00a0<\/li>\n<li>\u0130\u015flenen verilerinizin m\u00fcnhas\u0131ran otomatik sistemler vas\u0131tas\u0131yla analiz edilmesi suretiyle kendiniz aleyhine bir sonucun ortaya \u00e7\u0131kmas\u0131na itiraz etme,<\/li>\n<li>Ki\u015fisel verilerinizin kanuna ayk\u0131r\u0131 olarak i\u015flenmesi sebebiyle zarara u\u011framan\u0131z h\u00e2linde zarar\u0131n giderilmesini talep etme,<\/li>\n<\/ul>\n<h2><!-- \/wp:list --><!-- wp:paragraph --><\/h2>\n<p>haklar\u0131n\u0131z\u0131 kullanmay\u0131 talep edebilirsiniz. Haklar\u0131n\u0131za ve Kanunun uygulanmas\u0131na ili\u015fkin taleplerinizi,\u00a0i\u015fyerinden veya www.adhoc.com.tr\u00a0adresinden temin edebilece\u011finiz ba\u015fvuru formunu doldurarak \u0131slak imzal\u0131 Cafera\u011fa Mah. Moda Cad. No:5 Kad\u0131k\u00f6y \/ \u0130stanbul adresinde adresine noter kanal\u0131yla, iadeli taahh\u00fctl\u00fc posta yoluyla veya \u015fahsi ba\u015fvurunuzla ya da elektronik ortamda doldurdu\u011funuz ba\u015fvuru formunu mobil imzan\u0131zla, g\u00fcvenli elektronik imzan\u0131zla imzalad\u0131ktan sonra KEP adresinizi veya ADHOC\u2019un veri kay\u0131t sisteminde halihaz\u0131rda kay\u0131tl\u0131 olan e-posta adresinizi kullanarak\u00a0<a href=\"mailto:info@adhoc.com.tr\">info@adhoc.com.tr<\/a>\u00a0adresine iletebilirsiniz. ADHOC, bu kapsamdaki taleplere yaz\u0131l\u0131 olarak cevap verilecekse, on sayfaya kadar \u00fccret almadan; on sayfan\u0131n \u00fczerindeki her sayfa i\u00e7in 1 T\u00fcrk Liras\u0131 i\u015flem \u00fccreti alarak yan\u0131tland\u0131racakt\u0131r. Ba\u015fvuruya cevab\u0131n CD, flash bellek gibi bir kay\u0131t ortam\u0131nda verilmesi halinde \u015firket taraf\u0131ndan talep edilebilecek \u00fccret kay\u0131t ortam\u0131n\u0131n maliyetini ge\u00e7emeyecektir.<\/p>\n<h2><!-- \/wp:paragraph --><!-- wp:paragraph --><\/h2>\n<h2><!-- \/wp:paragraph --><!-- wp:paragraph --><\/h2>\t\t\t\t\t\t\t\t<\/div>\n\t\t\t\t<\/div>\n\t\t\t\t\t<\/div>\n\t\t<\/div>\n\t\t\t\t\t<\/div>\n\t\t<\/section>\n\t\t\t\t<\/div>\n\t\t","protected":false},"excerpt":{"rendered":"<p>K\u0130\u015e\u0130SEL VER\u0130LER\u0130N KORUNMASI VE \u0130\u015eLENMES\u0130 HAKKINDA\u00a0 GENEL AYDINLATMA METN\u0130 ADHOC\u00a0Ara\u015ft\u0131rma Dan\u0131\u015fmanl\u0131k ve E\u011fitim Limited \u015eirketi\u00a0(\u201cADHOC\u201d\u00a0veya \u201c\u015firket\u201d)\u00a0olarak ki\u015fisel verilerinizin g\u00fcvenli\u011fi hususuna azami hassasiyet g\u00f6stermekteyiz. Bu do\u011frultuda, Vakf\u0131n etkile\u015fim i\u00e7erisine oldu\u011fu ger\u00e7ek ki\u015filere ait ki\u015fisel verilerin 6698 say\u0131l\u0131 Ki\u015fisel Verilerin Korunmas\u0131 Kanunu (\u201cKanun\u201d)\u2019na, Kanun\u2019a ba\u011fl\u0131 y\u00fcr\u00fcrl\u00fc\u011fe koyulan ve koyulacak ikincil d\u00fczenlemelere (y\u00f6netmelik, tebli\u011f, genelge) ve ba\u011flay\u0131c\u0131 nitelikteki&hellip;<\/p>\n","protected":false},"author":1,"featured_media":0,"parent":0,"menu_order":800,"comment_status":"closed","ping_status":"closed","template":"","meta":{"jetpack_post_was_ever_published":false,"footnotes":""},"class_list":["post-5475","page","type-page","status-publish","hentry"],"jetpack_sharing_enabled":true,"jetpack_shortlink":"https:\/\/wp.me\/P9Bq60-1qj","jetpack-related-posts":[{"id":8787,"url":"https:\/\/adhoc.com.tr\/index.php\/language\/tr\/cerezpolitikasi\/","url_meta":{"origin":5475,"position":0},"title":"\u00c7erez Politikam\u0131z","author":"admin","date":"6 Eyl\u00fcl 2022","format":false,"excerpt":"\u0130NTERNET S\u0130TES\u0130 \u00c7EREZ KULLANIMI HAKKINDA B\u0130LG\u0130LEND\u0130RME METN\u0130ADHOC\u00a0Ara\u015ft\u0131rma Dan\u0131\u015fmanl\u0131k ve E\u011fitim Limited \u015eirketi\u00a0(\u201cADHOC\u201d)\u00a0olarak, siz www.adhoc.com.tr (\u201c\u0130nternet Sitesi\u201d)\u00a0ziyaret\u00e7ilerimize ait ki\u015fisel verilerin 6698 say\u0131l\u0131 Ki\u015fisel Verilerin Korunmas\u0131 Kanunu ve ikincil d\u00fczenlemelerine (\u201cKVK Mevzuat\u0131\u201d) uygun olarak i\u015flenmesi ve korunmas\u0131 i\u00e7in azami hassasiyeti g\u00f6stermekteyiz.ADHOC\u00a0olarak, Ki\u015fisel Verilerin Korunmas\u0131 mevzuat\u0131ndan do\u011fan ayd\u0131nlatma y\u00fck\u00fcml\u00fcl\u00fc\u011f\u00fc kapsam\u0131nda sizleri, i\u015fbu \u201c\u0130nternet\u2026","rel":"","context":"Benzer yaz\u0131","block_context":{"text":"Benzer yaz\u0131","link":""},"img":{"alt_text":"","src":"","width":0,"height":0},"classes":[]},{"id":1671,"url":"https:\/\/adhoc.com.tr\/index.php\/language\/tr\/anasayfa\/","url_meta":{"origin":5475,"position":1},"title":"Anasayfa","author":"admin","date":"10 Ocak 2023","format":false,"excerpt":"Adhoc Ara\u015ft\u0131rma Dan\u0131\u015fmanl\u0131k Analiz Strateji Olarak; \u00d6zel sekt\u00f6r, akademi, kamu ve sivil toplumun bilgi ihtiya\u00e7lar\u0131n\u0131 kar\u015f\u0131lamay\u0131 ve bu bilginin kurumlar\u0131n hedefleri do\u011frultusunda stratejiye d\u00f6n\u00fc\u015fmesine katk\u0131 sa\u011flamay\u0131 hedefleriz. Kurumlar\u0131n ve \u015firketlerin kavramsal, prosed\u00fcrle ve olgusal bilgilere dayanan strateji \u00e7al\u0131\u015fmalar\u0131na katk\u0131 sunuyoruz. 2009'dan beri Toplumsal alg\u0131lar \u00e7ok y\u00f6nl\u00fc ve komplekstir Hedeflenen konulara,\u2026","rel":"","context":"Benzer yaz\u0131","block_context":{"text":"Benzer yaz\u0131","link":""},"img":{"alt_text":"","src":"data:image\/svg+xml,%3Csvg%20xmlns%3D'http%3A%2F%2Fwww.w3.org%2F2000%2Fsvg'%20viewBox%3D'0%200%20900%20600'%2F%3E","width":350,"height":200,"srcset":"data:image\/svg+xml,%3Csvg%20xmlns%3D'http%3A%2F%2Fwww.w3.org%2F2000%2Fsvg'%20viewBox%3D'0%200%20900%20600'%2F%3E 1x, data:image\/svg+xml,%3Csvg%20xmlns%3D'http%3A%2F%2Fwww.w3.org%2F2000%2Fsvg'%20viewBox%3D'0%200%20900%20600'%2F%3E 1.5x, data:image\/svg+xml,%3Csvg%20xmlns%3D'http%3A%2F%2Fwww.w3.org%2F2000%2Fsvg'%20viewBox%3D'0%200%20900%20600'%2F%3E 2x"},"classes":[]},{"id":9811,"url":"https:\/\/adhoc.com.tr\/index.php\/language\/tr\/about\/","url_meta":{"origin":5475,"position":2},"title":"Ad_manifesto","author":"admin","date":"11 Mart 2020","format":false,"excerpt":"\"Rasyonel olan ger\u00e7ektir, ger\u00e7ek olan ili\u015fkisel.\" Adhoc bir \u201cara\u015ft\u0131rma \u015firketi\u201d olmaktan \u00f6te; ara\u015ft\u0131rmalardan beslenen \u2013\u00a0daha kesin bir ifadeyle anlam d\u00fcnyalar\u0131n\u0131 bilimsel bilgiden kuran\u00a0\u2013\u00a0sosyal bilimcilerin\u00a0olu\u015fturdu\u011fu bir ara\u015ft\u0131rma ekibidir.\u00a0Ku\u015fkulu\u00a0ve\u00a0merakl\u0131d\u0131r. Her t\u00fcrl\u00fc arg\u00fcman\u0131n temellerini, kesinliklerini ve etkilerini irdeler, irdeledik\u00e7e daha \u00e7ok ara\u015ft\u0131r\u0131r; meselelerin\u00a0her k\u00f6\u015fesine bakar\u00a0ve derinlemesine anlamaya \u00e7al\u0131\u015f\u0131r. Farkl\u0131 veri kaynaklar\u0131ndan toplad\u0131\u011f\u0131 verileri\u2026","rel":"","context":"Benzer yaz\u0131","block_context":{"text":"Benzer yaz\u0131","link":""},"img":{"alt_text":"","src":"","width":0,"height":0},"classes":[]},{"id":9809,"url":"https:\/\/adhoc.com.tr\/index.php\/language\/tr\/contact\/","url_meta":{"origin":5475,"position":3},"title":"\u0130leti\u015fim","author":"admin","date":"11 Mart 2020","format":false,"excerpt":"Adhoc Ara\u015ft\u0131rma, Dan\u0131\u015fmanl\u0131k ve E\u011fitimLTD. \u015eT\u0130. Sabit Hat +902165451567 Pazartesi - Cuma 10:00 - 18:00 Adres Cafera\u011fa Mah. Moda Cad. No: 5 Kad\u0131k\u00f6y - \u0130stanbul E-Posta info@adhoc.com.tr Sosyal medya @adhocarastirma @adhocarastirma @adhocarastirma","rel":"","context":"Benzer yaz\u0131","block_context":{"text":"Benzer yaz\u0131","link":""},"img":{"alt_text":"","src":"","width":0,"height":0},"classes":[]},{"id":501,"url":"https:\/\/adhoc.com.tr\/index.php\/language\/tr\/modeller\/","url_meta":{"origin":5475,"position":4},"title":"Modeller","author":"admin","date":"16 Mart 2020","format":false,"excerpt":"Yap\u0131m a\u015famas\u0131nda \u00c7ok k\u0131sa bir s\u00fcre i\u00e7erisinde yay\u0131nda olaca\u011f\u0131z.","rel":"","context":"Benzer yaz\u0131","block_context":{"text":"Benzer yaz\u0131","link":""},"img":{"alt_text":"","src":"","width":0,"height":0},"classes":[]},{"id":9796,"url":"https:\/\/adhoc.com.tr\/index.php\/language\/tr\/referanslar\/","url_meta":{"origin":5475,"position":5},"title":"Referanslar","author":"admin","date":"28 Aral\u0131k 2022","format":false,"excerpt":"\u00d6zel sekt\u00f6r 0 Sivil toplum 0 Akademi 0 Kamu kurulu\u015fu 0 Uluslararas\u0131 kurulu\u015f 0","rel":"","context":"Benzer yaz\u0131","block_context":{"text":"Benzer yaz\u0131","link":""},"img":{"alt_text":"","src":"","width":0,"height":0},"classes":[]}],"_links":{"self":[{"href":"https:\/\/adhoc.com.tr\/index.php\/wp-json\/wp\/v2\/pages\/5475","targetHints":{"allow":["GET"]}}],"collection":[{"href":"https:\/\/adhoc.com.tr\/index.php\/wp-json\/wp\/v2\/pages"}],"about":[{"href":"https:\/\/adhoc.com.tr\/index.php\/wp-json\/wp\/v2\/types\/page"}],"author":[{"embeddable":true,"href":"https:\/\/adhoc.com.tr\/index.php\/wp-json\/wp\/v2\/users\/1"}],"replies":[{"embeddable":true,"href":"https:\/\/adhoc.com.tr\/index.php\/wp-json\/wp\/v2\/comments?post=5475"}],"version-history":[{"count":10,"href":"https:\/\/adhoc.com.tr\/index.php\/wp-json\/wp\/v2\/pages\/5475\/revisions"}],"predecessor-version":[{"id":10002,"href":"https:\/\/adhoc.com.tr\/index.php\/wp-json\/wp\/v2\/pages\/5475\/revisions\/10002"}],"wp:attachment":[{"href":"https:\/\/adhoc.com.tr\/index.php\/wp-json\/wp\/v2\/media?parent=5475"}],"curies":[{"name":"wp","href":"https:\/\/api.w.org\/{rel}","templated":true}]}}