{"id":501,"date":"2020-03-16T15:46:36","date_gmt":"2020-03-16T12:46:36","guid":{"rendered":"https:\/\/the7.io\/elementor-minimal-creative-light\/?page_id=501"},"modified":"2023-01-27T12:36:46","modified_gmt":"2023-01-27T09:36:46","slug":"modeller","status":"publish","type":"page","link":"https:\/\/adhoc.com.tr\/index.php\/language\/tr\/modeller\/","title":{"rendered":"Modeller"},"content":{"rendered":"\t\t<div data-elementor-type=\"wp-page\" data-elementor-id=\"501\" class=\"elementor elementor-501\" data-elementor-post-type=\"page\">\n\t\t\t\t\t\t<section class=\"elementor-section elementor-top-section elementor-element elementor-element-420016b elementor-section-boxed elementor-section-height-default elementor-section-height-default\" data-id=\"420016b\" data-element_type=\"section\">\n\t\t\t\t\t\t<div class=\"elementor-container elementor-column-gap-wider\">\n\t\t\t\t\t<div class=\"elementor-column elementor-col-100 elementor-top-column elementor-element elementor-element-d25fe61\" data-id=\"d25fe61\" data-element_type=\"column\">\n\t\t\t<div class=\"elementor-widget-wrap elementor-element-populated\">\n\t\t\t\t\t\t<div class=\"elementor-element elementor-element-ee6e44f elementor-widget elementor-widget-heading\" data-id=\"ee6e44f\" data-element_type=\"widget\" data-widget_type=\"heading.default\">\n\t\t\t\t<div class=\"elementor-widget-container\">\n\t\t\t\t\t<h1 class=\"elementor-heading-title elementor-size-default\">Yap\u0131m a\u015famas\u0131nda<\/h1>\t\t\t\t<\/div>\n\t\t\t\t<\/div>\n\t\t\t\t<div class=\"elementor-element elementor-element-9d2bbd4 elementor-widget elementor-widget-spacer\" data-id=\"9d2bbd4\" data-element_type=\"widget\" data-widget_type=\"spacer.default\">\n\t\t\t\t<div class=\"elementor-widget-container\">\n\t\t\t\t\t\t\t<div class=\"elementor-spacer\">\n\t\t\t<div class=\"elementor-spacer-inner\"><\/div>\n\t\t<\/div>\n\t\t\t\t\t\t<\/div>\n\t\t\t\t<\/div>\n\t\t\t\t<div class=\"elementor-element elementor-element-25d5c4a elementor-widget elementor-widget-text-editor\" data-id=\"25d5c4a\" data-element_type=\"widget\" data-widget_type=\"text-editor.default\">\n\t\t\t\t<div class=\"elementor-widget-container\">\n\t\t\t\t\t\t\t\t\t<p>\u00c7ok k\u0131sa bir s\u00fcre i\u00e7erisinde yay\u0131nda olaca\u011f\u0131z.<\/p>\t\t\t\t\t\t\t\t<\/div>\n\t\t\t\t<\/div>\n\t\t\t\t\t<\/div>\n\t\t<\/div>\n\t\t\t\t\t<\/div>\n\t\t<\/section>\n\t\t\t\t<\/div>\n\t\t","protected":false},"excerpt":{"rendered":"<p>Yap\u0131m a\u015famas\u0131nda \u00c7ok k\u0131sa bir s\u00fcre i\u00e7erisinde yay\u0131nda olaca\u011f\u0131z.<\/p>\n","protected":false},"author":1,"featured_media":0,"parent":0,"menu_order":1,"comment_status":"closed","ping_status":"closed","template":"","meta":{"jetpack_post_was_ever_published":false,"footnotes":""},"class_list":["post-501","page","type-page","status-publish","hentry"],"jetpack_sharing_enabled":true,"jetpack_shortlink":"https:\/\/wp.me\/P9Bq60-85","jetpack-related-posts":[{"id":1671,"url":"https:\/\/adhoc.com.tr\/index.php\/language\/tr\/anasayfa\/","url_meta":{"origin":501,"position":0},"title":"Anasayfa","author":"admin","date":"10 Ocak 2023","format":false,"excerpt":"Adhoc Ara\u015ft\u0131rma Dan\u0131\u015fmanl\u0131k Analiz Strateji Olarak; \u00d6zel sekt\u00f6r, akademi, kamu ve sivil toplumun bilgi ihtiya\u00e7lar\u0131n\u0131 kar\u015f\u0131lamay\u0131 ve bu bilginin kurumlar\u0131n hedefleri do\u011frultusunda stratejiye d\u00f6n\u00fc\u015fmesine katk\u0131 sa\u011flamay\u0131 hedefleriz. Kurumlar\u0131n ve \u015firketlerin kavramsal, prosed\u00fcrle ve olgusal bilgilere dayanan strateji \u00e7al\u0131\u015fmalar\u0131na katk\u0131 sunuyoruz. 2009'dan beri Toplumsal alg\u0131lar \u00e7ok y\u00f6nl\u00fc ve komplekstir Hedeflenen konulara,\u2026","rel":"","context":"Benzer yaz\u0131","block_context":{"text":"Benzer yaz\u0131","link":""},"img":{"alt_text":"","src":"data:image\/svg+xml,%3Csvg%20xmlns%3D'http%3A%2F%2Fwww.w3.org%2F2000%2Fsvg'%20viewBox%3D'0%200%20900%20600'%2F%3E","width":350,"height":200,"srcset":"data:image\/svg+xml,%3Csvg%20xmlns%3D'http%3A%2F%2Fwww.w3.org%2F2000%2Fsvg'%20viewBox%3D'0%200%20900%20600'%2F%3E 1x, data:image\/svg+xml,%3Csvg%20xmlns%3D'http%3A%2F%2Fwww.w3.org%2F2000%2Fsvg'%20viewBox%3D'0%200%20900%20600'%2F%3E 1.5x, data:image\/svg+xml,%3Csvg%20xmlns%3D'http%3A%2F%2Fwww.w3.org%2F2000%2Fsvg'%20viewBox%3D'0%200%20900%20600'%2F%3E 2x"},"classes":[]},{"id":9811,"url":"https:\/\/adhoc.com.tr\/index.php\/language\/tr\/about\/","url_meta":{"origin":501,"position":1},"title":"Ad_manifesto","author":"admin","date":"11 Mart 2020","format":false,"excerpt":"\"Rasyonel olan ger\u00e7ektir, ger\u00e7ek olan ili\u015fkisel.\" Adhoc bir \u201cara\u015ft\u0131rma \u015firketi\u201d olmaktan \u00f6te; ara\u015ft\u0131rmalardan beslenen \u2013\u00a0daha kesin bir ifadeyle anlam d\u00fcnyalar\u0131n\u0131 bilimsel bilgiden kuran\u00a0\u2013\u00a0sosyal bilimcilerin\u00a0olu\u015fturdu\u011fu bir ara\u015ft\u0131rma ekibidir.\u00a0Ku\u015fkulu\u00a0ve\u00a0merakl\u0131d\u0131r. Her t\u00fcrl\u00fc arg\u00fcman\u0131n temellerini, kesinliklerini ve etkilerini irdeler, irdeledik\u00e7e daha \u00e7ok ara\u015ft\u0131r\u0131r; meselelerin\u00a0her k\u00f6\u015fesine bakar\u00a0ve derinlemesine anlamaya \u00e7al\u0131\u015f\u0131r. Farkl\u0131 veri kaynaklar\u0131ndan toplad\u0131\u011f\u0131 verileri\u2026","rel":"","context":"Benzer yaz\u0131","block_context":{"text":"Benzer yaz\u0131","link":""},"img":{"alt_text":"","src":"","width":0,"height":0},"classes":[]},{"id":5475,"url":"https:\/\/adhoc.com.tr\/index.php\/language\/tr\/gizlilikpolitikasi\/","url_meta":{"origin":501,"position":2},"title":"Gizlilik Politikam\u0131z","author":"admin","date":"1 Ekim 2021","format":false,"excerpt":"K\u0130\u015e\u0130SEL VER\u0130LER\u0130N KORUNMASI VE \u0130\u015eLENMES\u0130 HAKKINDA\u00a0 GENEL AYDINLATMA METN\u0130 ADHOC\u00a0Ara\u015ft\u0131rma Dan\u0131\u015fmanl\u0131k ve E\u011fitim Limited \u015eirketi\u00a0(\u201cADHOC\u201d\u00a0veya \u201c\u015firket\u201d)\u00a0olarak ki\u015fisel verilerinizin g\u00fcvenli\u011fi hususuna azami hassasiyet g\u00f6stermekteyiz. Bu do\u011frultuda, Vakf\u0131n etkile\u015fim i\u00e7erisine oldu\u011fu ger\u00e7ek ki\u015filere ait ki\u015fisel verilerin 6698 say\u0131l\u0131 Ki\u015fisel Verilerin Korunmas\u0131 Kanunu (\u201cKanun\u201d)\u2019na, Kanun\u2019a ba\u011fl\u0131 y\u00fcr\u00fcrl\u00fc\u011fe koyulan ve koyulacak ikincil d\u00fczenlemelere (y\u00f6netmelik,\u2026","rel":"","context":"Benzer yaz\u0131","block_context":{"text":"Benzer yaz\u0131","link":""},"img":{"alt_text":"","src":"","width":0,"height":0},"classes":[]},{"id":789,"url":"https:\/\/adhoc.com.tr\/index.php\/language\/tr\/raporlar\/","url_meta":{"origin":501,"position":3},"title":"Sendikal Raporlar","author":"admin","date":"18 Mart 2020","format":false,"excerpt":"STK\u2019lar\u0131n Ulusal Medyadaki Temsili Medya AnaliziAvrupa Birli\u011fi taraf\u0131ndan desteklenen \u201cSivil Diyalo\u011fun G\u00fc\u00e7lenmesi\u201d projesi kapsam\u0131nda yap\u0131lan \u201cSTK\u2019lar\u0131n Ulusal Medyadaki Temsili: Medya Analizi\u201d ara\u015ft\u0131rmas\u0131 ile, T\u00fcrkiye\u2019de faaliyet g\u00f6steren sivil toplum kurulu\u015flar\u0131n\u0131n ulusal medyadaki izd\u00fc\u015f\u00fcmleri analiz edildi.Yay\u0131n\u0131 indirinSivil Toplum Sekt\u00f6r\u00fcn\u00fcn Etkisi Ara\u015ft\u0131rmas\u0131: T\u00fcrkiye\u2019de AB Desteklerinin Sivil Toplum Sekt\u00f6r\u00fcn\u00fcn Etkisindeki Pay\u0131T\u00fcrkiye\u2019de Sivil Toplum Sekt\u00f6r\u00fcn\u00fcn\u2026","rel":"","context":"Benzer yaz\u0131","block_context":{"text":"Benzer yaz\u0131","link":""},"img":{"alt_text":"","src":"","width":0,"height":0},"classes":[]}],"_links":{"self":[{"href":"https:\/\/adhoc.com.tr\/index.php\/wp-json\/wp\/v2\/pages\/501","targetHints":{"allow":["GET"]}}],"collection":[{"href":"https:\/\/adhoc.com.tr\/index.php\/wp-json\/wp\/v2\/pages"}],"about":[{"href":"https:\/\/adhoc.com.tr\/index.php\/wp-json\/wp\/v2\/types\/page"}],"author":[{"embeddable":true,"href":"https:\/\/adhoc.com.tr\/index.php\/wp-json\/wp\/v2\/users\/1"}],"replies":[{"embeddable":true,"href":"https:\/\/adhoc.com.tr\/index.php\/wp-json\/wp\/v2\/comments?post=501"}],"version-history":[{"count":26,"href":"https:\/\/adhoc.com.tr\/index.php\/wp-json\/wp\/v2\/pages\/501\/revisions"}],"predecessor-version":[{"id":11089,"href":"https:\/\/adhoc.com.tr\/index.php\/wp-json\/wp\/v2\/pages\/501\/revisions\/11089"}],"wp:attachment":[{"href":"https:\/\/adhoc.com.tr\/index.php\/wp-json\/wp\/v2\/media?parent=501"}],"curies":[{"name":"wp","href":"https:\/\/api.w.org\/{rel}","templated":true}]}}