{"id":10899,"date":"2020-03-18T18:52:03","date_gmt":"2020-03-18T15:52:03","guid":{"rendered":"https:\/\/adhoc.com.tr\/?page_id=10899"},"modified":"2023-07-14T14:56:44","modified_gmt":"2023-07-14T11:56:44","slug":"public-reports","status":"publish","type":"page","link":"https:\/\/adhoc.com.tr\/index.php\/language\/en\/public-reports\/","title":{"rendered":"Public Reports"},"content":{"rendered":"\t\t<div data-elementor-type=\"wp-page\" data-elementor-id=\"10899\" class=\"elementor elementor-10899\" data-elementor-post-type=\"page\">\n\t\t\t\t\t\t<section class=\"elementor-section elementor-top-section elementor-element elementor-element-7326c3bc elementor-section-full_width elementor-section-height-default elementor-section-height-default\" data-id=\"7326c3bc\" data-element_type=\"section\">\n\t\t\t\t\t\t<div class=\"elementor-container elementor-column-gap-no\">\n\t\t\t\t\t<div class=\"elementor-column elementor-col-100 elementor-top-column elementor-element elementor-element-700106e3\" data-id=\"700106e3\" data-element_type=\"column\">\n\t\t\t<div class=\"elementor-widget-wrap elementor-element-populated\">\n\t\t\t\t\t\t<div class=\"elementor-element elementor-element-c6050dd elementor--h-position-right elementor--v-position-middle elementor-arrows-position-inside elementor-widget elementor-widget-slides\" data-id=\"c6050dd\" data-element_type=\"widget\" data-settings=\"{&quot;navigation&quot;:&quot;arrows&quot;,&quot;transition_speed&quot;:800,&quot;autoplay&quot;:&quot;yes&quot;,&quot;pause_on_hover&quot;:&quot;yes&quot;,&quot;pause_on_interaction&quot;:&quot;yes&quot;,&quot;autoplay_speed&quot;:5000,&quot;infinite&quot;:&quot;yes&quot;,&quot;transition&quot;:&quot;slide&quot;}\" data-widget_type=\"slides.default\">\n\t\t\t\t<div class=\"elementor-widget-container\">\n\t\t\t\t\t\t\t\t\t<div class=\"elementor-swiper\">\n\t\t\t\t\t<div class=\"elementor-slides-wrapper elementor-main-swiper swiper\" role=\"region\" aria-roledescription=\"carousel\" aria-label=\"Slides\" dir=\"ltr\" data-animation=\"fadeInRight\">\n\t\t\t\t<div class=\"swiper-wrapper elementor-slides\">\n\t\t\t\t\t\t\t\t\t\t<div class=\"elementor-repeater-item-0fc3d4e swiper-slide\" role=\"group\" aria-roledescription=\"slide\"><div class=\"swiper-slide-bg\" role=\"img\"><\/div><div class=\"swiper-slide-inner\" ><div class=\"swiper-slide-contents\"><div class=\"elementor-slide-heading\">Representation of NGOs in National Media: Media Analysis<\/div><div class=\"elementor-slide-description\">The scope of this research was carried out within the frame of the \u201cStrengthening Civil Dialogue\u201d Project and supported by the European Union. An analysis was conducted that will contribute to understanding how visible civil society organizations operating in Turkey are in the national media.<\/div><a href=\"https:\/\/adhoc.com.tr\/wp-content\/uploads\/2022\/12\/stklarin-ulusal-medyadaki-temsili-medya-analizi.pdf\" class=\"elementor-button elementor-slide-button elementor-size-md\">Download<\/a><\/div><\/div><\/div><div class=\"elementor-repeater-item-fd7b0fe swiper-slide\" role=\"group\" aria-roledescription=\"slide\"><div class=\"swiper-slide-bg\" role=\"img\"><\/div><div class=\"swiper-slide-inner\" ><div class=\"swiper-slide-contents\"><div class=\"elementor-slide-heading\">Civil Society Sector Impact Research: The Role of EU Grants in the Impact of the Civil Society Sector in Turkey<\/div><div class=\"elementor-slide-description\">Research on the Impact of the Civil Society Sector in Turkey has been prepared within the frame of the \u201cGrant Program for Partnerships and Networks for Strengthening of the Cooperation between Public Sector and CSOs\u201d supported by the Republic of Turkey and European Union and implemented by Republic of Turkey Ministry of Foreign Affairs Directorate for EU Affairs. <\/div><a href=\"https:\/\/adhoc.com.tr\/project\/project001\/\" class=\"elementor-button elementor-slide-button elementor-size-md\">Download<\/a><\/div><\/div><\/div><div class=\"elementor-repeater-item-5cb766c swiper-slide\" role=\"group\" aria-roledescription=\"slide\"><div class=\"swiper-slide-bg\" role=\"img\"><\/div><div class=\"swiper-slide-inner\" ><div class=\"swiper-slide-contents\"><div class=\"elementor-slide-heading\">Dialogue Mapping of Civil Society in Turkey<\/div><div class=\"elementor-slide-description\">\nWithin the \u201cEncounters: Enhancing and Monitoring Civil Dialogue\u201d project, which is funded by the EU, YADA conducted a research called \u201cDialogue Mapping\u201d study. The research was conducted through a desk study, study visit, face-to-face in-depth interviews, and stakeholders\u2019 comments and feedback obtained during the Civil Dialogue Workshops. This report aims to reveal the impacts of varying relationships with the public sector on the CSO-CSO dialogue. In this sense, CSO-public sector relationships take place in the report regarding its impact on CSO-CSO dialogue.<\/div><a href=\"https:\/\/www.yada.org.tr\/s\/2626\/i\/diyalog-haritalama-arastirmasi.pdf\" class=\"elementor-button elementor-slide-button elementor-size-md\">Download<\/a><\/div><\/div><\/div><div class=\"elementor-repeater-item-ad99ce3 swiper-slide\" role=\"group\" aria-roledescription=\"slide\"><div class=\"swiper-slide-bg\" role=\"img\"><\/div><div class=\"swiper-slide-inner\" ><div class=\"swiper-slide-contents\"><div class=\"elementor-slide-heading\">Analysis of Visibility of Civil Society in Media<\/div><div class=\"elementor-slide-description\">YADA Foundation carried out \u201cStrengthening Civil Society Dialogue in Turkey\u201d Project in the years 2018-2020 with the support of the United Nations Democracy Fund (UNDEF). The aim was to establish and strengthen dialogue among CSOs from different backgrounds and identities, in order to increase the impact capacity of CSOs in Turkey. \u201cAnalysis of Visibility of Civil Society in Media\u201d was conducted under the project, to picture the current situation of the visibility of CSOs in national printed media in Turkey.<\/div><a href=\"https:\/\/www.yada.org.tr\/s\/2626\/i\/sivil-toplumun-medyadaki-analizi.pdf\" class=\"elementor-button elementor-slide-button elementor-size-md\">Download<\/a><\/div><\/div><\/div><div class=\"elementor-repeater-item-bc666dd swiper-slide\" role=\"group\" aria-roledescription=\"slide\"><div class=\"swiper-slide-bg\" role=\"img\"><\/div><div class=\"swiper-slide-inner\" ><div class=\"swiper-slide-contents\"><div class=\"elementor-slide-heading\">Research on Plastic Footprint of Markets in Turkey<\/div><div class=\"elementor-slide-description\">In the research conducted for Greenpeace, the current plastic use of retail and wholesale supermarkets in Turkey and their strategies for reducing plastic use were portrayed.<\/div><a href=\"https:\/\/adhoc.com.tr\/wp-content\/uploads\/2022\/12\/cb547752-marketlerin-plastik-ayak-izi-raporu-2020-greenpeace-turkiye-3.pdf\" class=\"elementor-button elementor-slide-button elementor-size-md\">Download<\/a><\/div><\/div><\/div><div class=\"elementor-repeater-item-8600166 swiper-slide\" role=\"group\" aria-roledescription=\"slide\"><div class=\"swiper-slide-bg\" role=\"img\"><\/div><a class=\"swiper-slide-inner\" href=\"https:\/\/adhoc.com.tr\/wp-content\/uploads\/2022\/12\/DisDegerlendirmeRaporuTR091219.pdf\"><div class=\"swiper-slide-contents\"><div class=\"elementor-slide-heading\">Final External Evaluation Report on the Project \"Fathers are here for Gender Equality\"<\/div><div class=\"elementor-slide-description\">A\u00c7EV's Father Support Program, supported by the UN Trust Fund, was provided with external evaluation.<\/div><div  class=\"elementor-button elementor-slide-button elementor-size-md\">Download<\/div><\/div><\/a><\/div><div class=\"elementor-repeater-item-46f5b95 swiper-slide\" role=\"group\" aria-roledescription=\"slide\"><div class=\"swiper-slide-bg\" role=\"img\"><\/div><a class=\"swiper-slide-inner\" href=\"https:\/\/adhoc.com.tr\/wp-content\/uploads\/2022\/12\/diyalog-izleme-arastirmasi_Mart-2021.pdf\"><div class=\"swiper-slide-contents\"><div class=\"elementor-slide-heading\">Dialogue Monitoring Research<\/div><div class=\"elementor-slide-description\">\nWithin the \u201cEnhancing and Monitoring Civil Dialogue\u201d project, supported by the European Union, YADA conducted Dialogue Monitoring Research study. 6 projects which have touched the differentiation areas that emerged within the scope of the Dialogue Monitoring Research and Dialogue Mapping Research were selected and the dialogue and cooperation processes in these projects were examined in depth. <\/div><div  class=\"elementor-button elementor-slide-button elementor-size-md\">Download<\/div><\/div><\/a><\/div><div class=\"elementor-repeater-item-1b2abd6 swiper-slide\" role=\"group\" aria-roledescription=\"slide\"><div class=\"swiper-slide-bg\" role=\"img\"><\/div><a class=\"swiper-slide-inner\" href=\"https:\/\/adhoc.com.tr\/wp-content\/uploads\/2019\/01\/YeniMedyaKullan\u0131m.pdf\"><div class=\"swiper-slide-contents\"><div class=\"elementor-slide-heading\">New Trends of Use of Media in Turkey<\/div><div class=\"elementor-slide-description\">In the \u201cResearch on New Trends of Use of Media in Turkey\u201d,  supported by Kadir Has University Scientific Research Project (SRP) fund, Turkey's internet user and usage profiles were revealed.<\/div><div  class=\"elementor-button elementor-slide-button elementor-size-md\">Download<\/div><\/div><\/a><\/div><div class=\"elementor-repeater-item-b1817ac swiper-slide\" role=\"group\" aria-roledescription=\"slide\"><div class=\"swiper-slide-bg\" role=\"img\"><\/div><a class=\"swiper-slide-inner\" href=\"https:\/\/adhoc.com.tr\/wp-content\/uploads\/2023\/06\/milasta-komurden-adil-cikis.pdf\"><div class=\"swiper-slide-contents\"><div class=\"elementor-slide-heading\">Fair Exit from Coal in Milas<\/div><div class=\"elementor-slide-description\">The research aims to reveal the perception, approach and needs of the people of Mias, which is one of the most important factors in a fair exit from coal sector.<\/div><div  class=\"elementor-button elementor-slide-button elementor-size-md\">Download<\/div><\/div><\/a><\/div><div class=\"elementor-repeater-item-77b06de swiper-slide\" role=\"group\" aria-roledescription=\"slide\"><div class=\"swiper-slide-bg\" role=\"img\"><\/div><div class=\"elementor-background-overlay\"><\/div><a class=\"swiper-slide-inner\" href=\"https:\/\/adhoc.com.tr\/wp-content\/uploads\/2023\/Turkiyede-gazetecilik-algi-ve-profil-arastirmasi-TGS.pdf\"><div class=\"swiper-slide-contents\"><div class=\"elementor-slide-heading\">Journalism in Turkey: Perception and Profile Research<\/div><div class=\"elementor-slide-description\">This research, aimed at identifying the current socio-economic situation of employees in the media and journalism sector in Turkey, their working conditions, and perceptions regarding professional organizations, as well as revealing the needs, perceptions, expectations and priorities related to the sector, has been conducted for the Journalists\u2019 Union of Turkey (TGS) with the support of the European Federation of Journalists (EFJ).<\/div><div  class=\"elementor-button elementor-slide-button elementor-size-md\">Download<\/div><\/div><\/a><\/div>\t\t\t\t<\/div>\n\t\t\t\t\t\t\t\t\t\t\t\t\t\t\t\t\t\t\t\t<div class=\"elementor-swiper-button elementor-swiper-button-prev\" role=\"button\" tabindex=\"0\" aria-label=\"Previous slide\">\n\t\t\t\t\t\t\t<i aria-hidden=\"true\" class=\"eicon-chevron-left\"><\/i>\t\t\t\t\t\t<\/div>\n\t\t\t\t\t\t<div class=\"elementor-swiper-button elementor-swiper-button-next\" role=\"button\" tabindex=\"0\" aria-label=\"Next slide\">\n\t\t\t\t\t\t\t<i aria-hidden=\"true\" class=\"eicon-chevron-right\"><\/i>\t\t\t\t\t\t<\/div>\n\t\t\t\t\t\t\t\t\t\t\t\t<\/div>\n\t\t\t\t<\/div>\n\t\t\t\t\t\t\t\t<\/div>\n\t\t\t\t<\/div>\n\t\t\t\t\t<\/div>\n\t\t<\/div>\n\t\t\t\t\t<\/div>\n\t\t<\/section>\n\t\t\t\t<\/div>\n\t\t","protected":false},"excerpt":{"rendered":"<p>Representation of NGOs in National Media: Media AnalysisThe scope of this research was carried out within the frame of the \u201cStrengthening Civil Dialogue\u201d Project and supported by the European Union. An analysis was conducted that will contribute to understanding how visible civil society organizations operating in Turkey are in the national media.DownloadCivil Society Sector Impact&hellip;<\/p>\n","protected":false},"author":1,"featured_media":0,"parent":0,"menu_order":1,"comment_status":"closed","ping_status":"closed","template":"","meta":{"jetpack_post_was_ever_published":false,"footnotes":""},"class_list":["post-10899","page","type-page","status-publish","hentry"],"jetpack_sharing_enabled":true,"jetpack_shortlink":"https:\/\/wp.me\/P9Bq60-2PN","jetpack-related-posts":[{"id":10860,"url":"https:\/\/adhoc.com.tr\/index.php\/language\/en\/home\/","url_meta":{"origin":10899,"position":0},"title":"Home","author":"admin","date":"10 Ocak 2023","format":false,"excerpt":"As Adhoc Research Consultancy Analysis Strategy ; We aim to meet the need of information of the private sector, academia, public, and civil society and contribute to the transformation of information into strategy in line with the objectives of the institutions. We contribute to the strategy studies of institutions and\u2026","rel":"","context":"Benzer yaz\u0131","block_context":{"text":"Benzer yaz\u0131","link":""},"img":{"alt_text":"","src":"data:image\/svg+xml,%3Csvg%20xmlns%3D'http%3A%2F%2Fwww.w3.org%2F2000%2Fsvg'%20viewBox%3D'0%200%20900%20600'%2F%3E","width":350,"height":200,"srcset":"data:image\/svg+xml,%3Csvg%20xmlns%3D'http%3A%2F%2Fwww.w3.org%2F2000%2Fsvg'%20viewBox%3D'0%200%20900%20600'%2F%3E 1x, data:image\/svg+xml,%3Csvg%20xmlns%3D'http%3A%2F%2Fwww.w3.org%2F2000%2Fsvg'%20viewBox%3D'0%200%20900%20600'%2F%3E 1.5x, data:image\/svg+xml,%3Csvg%20xmlns%3D'http%3A%2F%2Fwww.w3.org%2F2000%2Fsvg'%20viewBox%3D'0%200%20900%20600'%2F%3E 2x"},"classes":[]},{"id":10894,"url":"https:\/\/adhoc.com.tr\/index.php\/language\/en\/privacy-policy\/","url_meta":{"origin":10899,"position":1},"title":"Privacy Policy","author":"admin","date":"1 Ekim 2021","format":false,"excerpt":"ON THE PROTECTION AND PROCESSING OF PERSONAL DATA\u00a0GENERAL DISCLOSURE TEXTAs ADHOC Research Consultancy and Education Limited Company (\"ADHOC\"\u00a0or \"company\"), we show maximum sensitivity to the security of your personal data. In this respect, we attach great importance to the processing and preservation of personal data belonging to natural persons with\u2026","rel":"","context":"Benzer yaz\u0131","block_context":{"text":"Benzer yaz\u0131","link":""},"img":{"alt_text":"","src":"","width":0,"height":0},"classes":[]},{"id":10889,"url":"https:\/\/adhoc.com.tr\/index.php\/language\/en\/cookie-policy\/","url_meta":{"origin":10899,"position":2},"title":"Cookie Policy","author":"admin","date":"6 Eyl\u00fcl 2022","format":false,"excerpt":"INFORMATION TEXT ON THE USE OF COOKIES ON THE WEBSITEAs ADHOC Research Consultancy and Training Limited Company (\"ADHOC\"), we show the utmost sensitivity for the processing and protection of personal data belonging to you, our www.adhoc.com.tr (\"Website\")\u00a0visitors, in accordance with the Law No. 6698 on the Protection of Personal Data\u2026","rel":"","context":"Benzer yaz\u0131","block_context":{"text":"Benzer yaz\u0131","link":""},"img":{"alt_text":"","src":"","width":0,"height":0},"classes":[]},{"id":10884,"url":"https:\/\/adhoc.com.tr\/index.php\/language\/en\/ad_manifest\/","url_meta":{"origin":10899,"position":3},"title":"Ad_manifest","author":"admin","date":"11 Mart 2020","format":false,"excerpt":"\u201cWhat is rational is factual,\u00a0what is factual is relational.\u201d Beyond being a \"research company\", Adhoc is a team of researchers comprising social scientists who feed on researches \u2013 in more precise terms, who establish worlds of meaning with scientific knowledge.\u00a0It is sceptical and curious. It examines the foundations, certainties and\u2026","rel":"","context":"Benzer yaz\u0131","block_context":{"text":"Benzer yaz\u0131","link":""},"img":{"alt_text":"","src":"","width":0,"height":0},"classes":[]},{"id":10879,"url":"https:\/\/adhoc.com.tr\/index.php\/language\/en\/contact-2\/","url_meta":{"origin":10899,"position":4},"title":"Contact","author":"admin","date":"11 Mart 2020","format":false,"excerpt":"Adhoc Research & Consultancy Phone number +902165451567 Mon. - Fri. 10:00 - 18:00 Address Cafera\u011fa Mah. Moda Cad. No: 5 Kad\u0131k\u00f6y - \u0130stanbul E-mail info@adhoc.com.tr Social media @adhocarastirma @adhocarastirma @adhocarastirma","rel":"","context":"Benzer yaz\u0131","block_context":{"text":"Benzer yaz\u0131","link":""},"img":{"alt_text":"","src":"","width":0,"height":0},"classes":[]}],"_links":{"self":[{"href":"https:\/\/adhoc.com.tr\/index.php\/wp-json\/wp\/v2\/pages\/10899","targetHints":{"allow":["GET"]}}],"collection":[{"href":"https:\/\/adhoc.com.tr\/index.php\/wp-json\/wp\/v2\/pages"}],"about":[{"href":"https:\/\/adhoc.com.tr\/index.php\/wp-json\/wp\/v2\/types\/page"}],"author":[{"embeddable":true,"href":"https:\/\/adhoc.com.tr\/index.php\/wp-json\/wp\/v2\/users\/1"}],"replies":[{"embeddable":true,"href":"https:\/\/adhoc.com.tr\/index.php\/wp-json\/wp\/v2\/comments?post=10899"}],"version-history":[{"count":22,"href":"https:\/\/adhoc.com.tr\/index.php\/wp-json\/wp\/v2\/pages\/10899\/revisions"}],"predecessor-version":[{"id":11125,"href":"https:\/\/adhoc.com.tr\/index.php\/wp-json\/wp\/v2\/pages\/10899\/revisions\/11125"}],"wp:attachment":[{"href":"https:\/\/adhoc.com.tr\/index.php\/wp-json\/wp\/v2\/media?parent=10899"}],"curies":[{"name":"wp","href":"https:\/\/api.w.org\/{rel}","templated":true}]}}